{"id":51,"date":"2024-10-18T20:32:29","date_gmt":"2024-10-18T18:32:29","guid":{"rendered":"https:\/\/lebowskicmo.com\/?page_id=51"},"modified":"2024-12-18T19:23:58","modified_gmt":"2024-12-18T18:23:58","slug":"privacy-policy","status":"publish","type":"page","link":"https:\/\/lebowskicmo.com\/en\/privacy-policy\/","title":{"rendered":"Privacy policy"},"content":{"rendered":"<div data-elementor-type=\"wp-page\" data-elementor-id=\"51\" class=\"elementor elementor-51\">\n\t\t\t\t<div class=\"elementor-element elementor-element-c741caa e-flex e-con-boxed wpr-column-slider-no wpr-equal-height-no e-con e-parent\" data-id=\"c741caa\" data-element_type=\"container\" data-e-type=\"container\">\n\t\t\t\t\t<div class=\"e-con-inner\">\n\t\t\t\t<div class=\"elementor-element elementor-element-c66c725 elementor-widget elementor-widget-heading\" data-id=\"c66c725\" data-element_type=\"widget\" data-e-type=\"widget\" data-widget_type=\"heading.default\">\n\t\t\t\t<div class=\"elementor-widget-container\">\n\t\t\t\t\t<h2 class=\"elementor-heading-title elementor-size-default\"><a href=\"http:\/\/p\">Privacy policy<\/a><\/h2>\t\t\t\t<\/div>\n\t\t\t\t<\/div>\n\t\t\t\t<div class=\"elementor-element elementor-element-2155ec0 elementor-widget elementor-widget-text-editor\" data-id=\"2155ec0\" data-element_type=\"widget\" data-e-type=\"widget\" data-widget_type=\"text-editor.default\">\n\t\t\t\t<div class=\"elementor-widget-container\">\n\t\t\t\t\t\t\t\t\t<p><strong>Identity of the Data Controller<\/strong><\/p><p>In compliance with the provisions of Regulation (EU) 2016\/679 of the European Parliament and of the Council of 27 April 2016 (hereinafter, \"GDPR\"), and Organic Law 3\/2018, of 5 December, on Personal Data Protection and guarantee of digital rights, we inform you that the personal data collected through this Website will be processed by LEBOWSKI INNOVATIONS SL, with address at Paseo de la Chopera, num. 29, Planta 4, Puerta E, 28045 Madrid, CIF\/NIF B56914203 and e-mail address <a href=\"mailto:info@lebowskikt.com\">info@lebowskikt.com<\/a>.<\/p><p><strong>Purposes of data processing<\/strong><\/p><p>The personal data collected will be processed for the following purposes:<\/p><ol><li>Manage queries, requests or incidents sent through the contact forms on the Website.<\/li><li>Maintain contact and communication with users.<\/li><li>To send commercial communications about our products and services, in the event that the user has given their express consent to do so.<\/li><\/ol><p><strong><br \/>Legitimation of data processing<\/strong><\/p><p>The legal basis for the processing of your data is the consent given by the user by accepting this Privacy Policy. At any time, the user may withdraw their consent without affecting the lawfulness of the processing based on the consent prior to its withdrawal.<\/p><p><strong>Data retention<\/strong><\/p><p>The personal data provided will be kept for the time necessary to fulfil the purpose for which they are collected and to determine any possible liabilities that may arise from this purpose.<\/p><p><strong>Data recipients<\/strong><\/p><p>No data will be passed on to third parties, unless legally obliged to do so.<\/p><p><strong>Rights of data subjects<\/strong><\/p><p>As the owner of the data, the user may exercise the following rights:<\/p><ul><li>Right of access: To know what personal data we are processing.<\/li><li>Right of rectification: Request the correction of inaccurate data.<\/li><li>Right of erasure: To request the deletion of your data when they are no longer necessary for the purposes for which they were collected.<\/li><li>Right to object: To object to the processing of your personal data.<\/li><li>Right to data portability: To receive personal data concerning him\/her in a structured, commonly used and machine-readable format and to transmit it to another controller.<\/li><\/ul><p>To exercise these rights, you can contact us by e-mail at <a href=\"mailto:info@lebowskikt.com\">info@lebowskikt.com<\/a>or by writing to Paseo de la Chopera, num. 29, Planta 4, Puerta E, 28045 Madrid.<\/p><p><strong>Changes to the privacy policy<\/strong><\/p><p>The Company reserves the right to modify this Privacy Policy to adapt it to new legislation or jurisprudence, as well as to industry practices. In such cases, changes will be announced on this page reasonably in advance of their implementation.<\/p>\t\t\t\t\t\t\t\t<\/div>\n\t\t\t\t<\/div>\n\t\t\t\t\t<\/div>\n\t\t\t\t<\/div>\n\t\t\t\t<\/div>","protected":false},"excerpt":{"rendered":"<p>Privacy Policy Identity of the Data Controller In compliance with the provisions of Regulation (EU) 2016\/679 of the European Parliament and of the Council, of 27 April 2016 (hereinafter, \"GDPR\"), and Organic Law 3\/2018, of 5 December, on the Protection of Personal Data and guarantee of digital rights, we inform you that the personal data collected through this Website will be processed by LEBOWSKI INNOVATIONS SL, with address at Paseo de la Chopera, num. 29, Planta 4, Puerta E, 28045 Madrid, CIF\/NIF B56914203 and e-mail info@lebowskikt.com. Purposes of data processing The personal data collected will be processed for the following purposes: To manage queries, requests or incidents sent through the contact forms on the Website. To maintain contact and communication with users. To send commercial communications about our products and services, in the event that the user has given their express consent to do so. Legitimacy of data processing The legal basis for the processing of your data is the consent given by the user by accepting this Privacy Policy. At any time, the user may withdraw their consent without affecting the lawfulness of the processing based on the consent prior to its withdrawal. Retention of data The personal data provided will be kept for the time necessary to comply with the purpose for which they are collected and to determine any possible liabilities that may arise from said purpose. Recipients of the data No data will be passed on to third parties, unless legally obliged to do so. Rights of data subjects As the owner of the data, the user may exercise the following rights: Right of access: To know what personal data we are processing. Right of rectification: To request the correction of inaccurate data. Right of deletion: To request the deletion of your data when they are no longer necessary for the purposes for which they were collected. Right to object: To object to the processing of your personal data. Right to data portability: To receive the personal data concerning you in a structured, commonly used and machine-readable format and to transmit it to another data controller. To exercise these rights, you may contact us by e-mail at info@lebowskikt.com, or in writing to Paseo de la Chopera, num. 29, Planta 4, Puerta E, 28045 Madrid. Changes to the privacy policy The Company reserves the right to modify this Privacy Policy to adapt it to new legislation or jurisprudence, as well as to industry practices. In such cases, changes will be announced on this page reasonably in advance of their implementation.<\/p>","protected":false},"author":1,"featured_media":0,"parent":0,"menu_order":0,"comment_status":"closed","ping_status":"closed","template":"","meta":{"footnotes":""},"class_list":["post-51","page","type-page","status-publish","hentry"],"yoast_head":"<!-- This site is optimized with the Yoast SEO plugin v27.5 - https:\/\/yoast.com\/product\/yoast-seo-wordpress\/ -->\n<title>Pol\u00edtica de privacidad - Lebowsky CMO<\/title>\n<meta name=\"robots\" content=\"index, follow, max-snippet:-1, max-image-preview:large, max-video-preview:-1\" \/>\n<link rel=\"canonical\" href=\"https:\/\/lebowskicmo.com\/en\/privacy-policy\/\" \/>\n<meta property=\"og:locale\" content=\"en_GB\" \/>\n<meta property=\"og:type\" content=\"article\" \/>\n<meta property=\"og:title\" content=\"Pol\u00edtica de privacidad - Lebowsky CMO\" \/>\n<meta property=\"og:description\" content=\"Pol\u00edtica de privacidad Identidad del Responsable del tratamiento de datos En cumplimiento de lo dispuesto en el Reglamento (UE) 2016\/679 del Parlamento Europeo y del Consejo, de 27 de abril de 2016 (en adelante, &#8220;RGPD&#8221;), y la Ley Org\u00e1nica 3\/2018, de 5 de diciembre, de Protecci\u00f3n de Datos Personales y garant\u00eda de los derechos digitales, le informamos que los datos personales que se recojan a trav\u00e9s de este Sitio Web ser\u00e1n tratados por LEBOWSKI INNOVATIONS SL, con domicilio en Paseo de la Chopera, num. 29, Planta 4, Puerta E, 28045 Madrid, CIF\/NIF B56914203 y correo electr\u00f3nico info@lebowskikt.com. Finalidades del tratamiento de datos Los datos personales recogidos ser\u00e1n tratados con las siguientes finalidades: Gestionar las consultas, solicitudes o incidencias enviadas a trav\u00e9s de los formularios de contacto del Sitio Web. Mantener el contacto y la comunicaci\u00f3n con los usuarios. Enviar comunicaciones comerciales sobre nuestros productos y servicios, en caso de que el usuario haya dado su consentimiento expreso para ello. Legitimaci\u00f3n del tratamiento de datos La base jur\u00eddica para el tratamiento de sus datos es el consentimiento prestado por el usuario al aceptar esta Pol\u00edtica de Privacidad. En cualquier momento, el usuario puede retirar su consentimiento sin que ello afecte a la licitud del tratamiento basado en el consentimiento previo a su retirada. Conservaci\u00f3n de los datos Los datos personales proporcionados se conservar\u00e1n durante el tiempo necesario para cumplir con la finalidad para la que se recaban y para determinar las posibles responsabilidades que se pudieran derivar de dicha finalidad. Destinatarios de los datos No se ceder\u00e1n datos a terceros, salvo obligaci\u00f3n legal. Derechos de los interesados Como titular de los datos, el usuario puede ejercer los siguientes derechos: Derecho de acceso: Conocer qu\u00e9 datos personales estamos tratando. Derecho de rectificaci\u00f3n: Solicitar la correcci\u00f3n de datos inexactos. Derecho de supresi\u00f3n: Solicitar la eliminaci\u00f3n de sus datos cuando ya no sean necesarios para los fines que fueron recogidos. Derecho de oposici\u00f3n: Oponerse al tratamiento de sus datos personales. Derecho a la portabilidad de los datos: Recibir los datos personales que le incumban en un formato estructurado, de uso com\u00fan y lectura mec\u00e1nica, y transmitirlos a otro responsable de tratamiento. Para ejercer estos derechos, puede contactar a trav\u00e9s del correo electr\u00f3nico info@lebowskikt.com, o por escrito a la direcci\u00f3n Paseo de la Chopera, num. 29, Planta 4, Puerta E, 28045 Madrid. Cambios en la pol\u00edtica de privacidad La Empresa se reserva el derecho a modificar esta Pol\u00edtica de Privacidad para adaptarla a novedades legislativas o jurisprudenciales, as\u00ed como a pr\u00e1cticas de la industria. En dichos casos, se anunciar\u00e1 en esta p\u00e1gina los cambios introducidos con razonable antelaci\u00f3n a su puesta en pr\u00e1ctica.\" \/>\n<meta property=\"og:url\" content=\"https:\/\/lebowskicmo.com\/en\/privacy-policy\/\" \/>\n<meta property=\"og:site_name\" content=\"Lebowsky CMO\" \/>\n<meta property=\"article:modified_time\" content=\"2024-12-18T18:23:58+00:00\" \/>\n<meta name=\"twitter:card\" content=\"summary_large_image\" \/>\n<meta name=\"twitter:label1\" content=\"Estimated reading time\" \/>\n\t<meta name=\"twitter:data1\" content=\"3 minutes\" \/>\n<script type=\"application\/ld+json\" class=\"yoast-schema-graph\">{\"@context\":\"https:\\\/\\\/schema.org\",\"@graph\":[{\"@type\":\"WebPage\",\"@id\":\"https:\\\/\\\/lebowskicmo.com\\\/politica-de-privacidad\\\/\",\"url\":\"https:\\\/\\\/lebowskicmo.com\\\/politica-de-privacidad\\\/\",\"name\":\"Pol\u00edtica de privacidad - Lebowsky CMO\",\"isPartOf\":{\"@id\":\"https:\\\/\\\/lebowskicmo.com\\\/#website\"},\"datePublished\":\"2024-10-18T18:32:29+00:00\",\"dateModified\":\"2024-12-18T18:23:58+00:00\",\"breadcrumb\":{\"@id\":\"https:\\\/\\\/lebowskicmo.com\\\/politica-de-privacidad\\\/#breadcrumb\"},\"inLanguage\":\"en-GB\",\"potentialAction\":[{\"@type\":\"ReadAction\",\"target\":[\"https:\\\/\\\/lebowskicmo.com\\\/politica-de-privacidad\\\/\"]}]},{\"@type\":\"BreadcrumbList\",\"@id\":\"https:\\\/\\\/lebowskicmo.com\\\/politica-de-privacidad\\\/#breadcrumb\",\"itemListElement\":[{\"@type\":\"ListItem\",\"position\":1,\"name\":\"Portada\",\"item\":\"https:\\\/\\\/lebowskicmo.com\\\/\"},{\"@type\":\"ListItem\",\"position\":2,\"name\":\"Pol\u00edtica de privacidad\"}]},{\"@type\":\"WebSite\",\"@id\":\"https:\\\/\\\/lebowskicmo.com\\\/#website\",\"url\":\"https:\\\/\\\/lebowskicmo.com\\\/\",\"name\":\"Lebowsky Agency\",\"description\":\"Servicios de Fractional CMO &amp; CSO para empresas\",\"publisher\":{\"@id\":\"https:\\\/\\\/lebowskicmo.com\\\/#organization\"},\"potentialAction\":[{\"@type\":\"SearchAction\",\"target\":{\"@type\":\"EntryPoint\",\"urlTemplate\":\"https:\\\/\\\/lebowskicmo.com\\\/?s={search_term_string}\"},\"query-input\":{\"@type\":\"PropertyValueSpecification\",\"valueRequired\":true,\"valueName\":\"search_term_string\"}}],\"inLanguage\":\"en-GB\"},{\"@type\":\"Organization\",\"@id\":\"https:\\\/\\\/lebowskicmo.com\\\/#organization\",\"name\":\"Lebowsky Agency\",\"url\":\"https:\\\/\\\/lebowskicmo.com\\\/\",\"logo\":{\"@type\":\"ImageObject\",\"inLanguage\":\"en-GB\",\"@id\":\"https:\\\/\\\/lebowskicmo.com\\\/#\\\/schema\\\/logo\\\/image\\\/\",\"url\":\"https:\\\/\\\/lebowskicmo.com\\\/wp-content\\\/uploads\\\/favicon.svg\",\"contentUrl\":\"https:\\\/\\\/lebowskicmo.com\\\/wp-content\\\/uploads\\\/favicon.svg\",\"width\":600,\"height\":600,\"caption\":\"Lebowsky Agency\"},\"image\":{\"@id\":\"https:\\\/\\\/lebowskicmo.com\\\/#\\\/schema\\\/logo\\\/image\\\/\"},\"sameAs\":[\"https:\\\/\\\/es.linkedin.com\\\/company\\\/lebowski-marketing\"]}]}<\/script>\n<!-- \/ Yoast SEO plugin. -->","yoast_head_json":{"title":"Privacy policy - Lebowsky CMO","robots":{"index":"index","follow":"follow","max-snippet":"max-snippet:-1","max-image-preview":"max-image-preview:large","max-video-preview":"max-video-preview:-1"},"canonical":"https:\/\/lebowskicmo.com\/en\/privacy-policy\/","og_locale":"en_GB","og_type":"article","og_title":"Pol\u00edtica de privacidad - Lebowsky CMO","og_description":"Pol\u00edtica de privacidad Identidad del Responsable del tratamiento de datos En cumplimiento de lo dispuesto en el Reglamento (UE) 2016\/679 del Parlamento Europeo y del Consejo, de 27 de abril de 2016 (en adelante, &#8220;RGPD&#8221;), y la Ley Org\u00e1nica 3\/2018, de 5 de diciembre, de Protecci\u00f3n de Datos Personales y garant\u00eda de los derechos digitales, le informamos que los datos personales que se recojan a trav\u00e9s de este Sitio Web ser\u00e1n tratados por LEBOWSKI INNOVATIONS SL, con domicilio en Paseo de la Chopera, num. 29, Planta 4, Puerta E, 28045 Madrid, CIF\/NIF B56914203 y correo electr\u00f3nico info@lebowskikt.com. Finalidades del tratamiento de datos Los datos personales recogidos ser\u00e1n tratados con las siguientes finalidades: Gestionar las consultas, solicitudes o incidencias enviadas a trav\u00e9s de los formularios de contacto del Sitio Web. Mantener el contacto y la comunicaci\u00f3n con los usuarios. Enviar comunicaciones comerciales sobre nuestros productos y servicios, en caso de que el usuario haya dado su consentimiento expreso para ello. Legitimaci\u00f3n del tratamiento de datos La base jur\u00eddica para el tratamiento de sus datos es el consentimiento prestado por el usuario al aceptar esta Pol\u00edtica de Privacidad. En cualquier momento, el usuario puede retirar su consentimiento sin que ello afecte a la licitud del tratamiento basado en el consentimiento previo a su retirada. Conservaci\u00f3n de los datos Los datos personales proporcionados se conservar\u00e1n durante el tiempo necesario para cumplir con la finalidad para la que se recaban y para determinar las posibles responsabilidades que se pudieran derivar de dicha finalidad. Destinatarios de los datos No se ceder\u00e1n datos a terceros, salvo obligaci\u00f3n legal. Derechos de los interesados Como titular de los datos, el usuario puede ejercer los siguientes derechos: Derecho de acceso: Conocer qu\u00e9 datos personales estamos tratando. Derecho de rectificaci\u00f3n: Solicitar la correcci\u00f3n de datos inexactos. Derecho de supresi\u00f3n: Solicitar la eliminaci\u00f3n de sus datos cuando ya no sean necesarios para los fines que fueron recogidos. Derecho de oposici\u00f3n: Oponerse al tratamiento de sus datos personales. Derecho a la portabilidad de los datos: Recibir los datos personales que le incumban en un formato estructurado, de uso com\u00fan y lectura mec\u00e1nica, y transmitirlos a otro responsable de tratamiento. Para ejercer estos derechos, puede contactar a trav\u00e9s del correo electr\u00f3nico info@lebowskikt.com, o por escrito a la direcci\u00f3n Paseo de la Chopera, num. 29, Planta 4, Puerta E, 28045 Madrid. Cambios en la pol\u00edtica de privacidad La Empresa se reserva el derecho a modificar esta Pol\u00edtica de Privacidad para adaptarla a novedades legislativas o jurisprudenciales, as\u00ed como a pr\u00e1cticas de la industria. En dichos casos, se anunciar\u00e1 en esta p\u00e1gina los cambios introducidos con razonable antelaci\u00f3n a su puesta en pr\u00e1ctica.","og_url":"https:\/\/lebowskicmo.com\/en\/privacy-policy\/","og_site_name":"Lebowsky CMO","article_modified_time":"2024-12-18T18:23:58+00:00","twitter_card":"summary_large_image","twitter_misc":{"Estimated reading time":"3 minutes"},"schema":{"@context":"https:\/\/schema.org","@graph":[{"@type":"WebPage","@id":"https:\/\/lebowskicmo.com\/politica-de-privacidad\/","url":"https:\/\/lebowskicmo.com\/politica-de-privacidad\/","name":"Privacy policy - Lebowsky CMO","isPartOf":{"@id":"https:\/\/lebowskicmo.com\/#website"},"datePublished":"2024-10-18T18:32:29+00:00","dateModified":"2024-12-18T18:23:58+00:00","breadcrumb":{"@id":"https:\/\/lebowskicmo.com\/politica-de-privacidad\/#breadcrumb"},"inLanguage":"en-GB","potentialAction":[{"@type":"ReadAction","target":["https:\/\/lebowskicmo.com\/politica-de-privacidad\/"]}]},{"@type":"BreadcrumbList","@id":"https:\/\/lebowskicmo.com\/politica-de-privacidad\/#breadcrumb","itemListElement":[{"@type":"ListItem","position":1,"name":"Portada","item":"https:\/\/lebowskicmo.com\/"},{"@type":"ListItem","position":2,"name":"Pol\u00edtica de privacidad"}]},{"@type":"WebSite","@id":"https:\/\/lebowskicmo.com\/#website","url":"https:\/\/lebowskicmo.com\/","name":"Lebowsky Agency","description":"Fractional CMO &amp; CSO services for companies","publisher":{"@id":"https:\/\/lebowskicmo.com\/#organization"},"potentialAction":[{"@type":"SearchAction","target":{"@type":"EntryPoint","urlTemplate":"https:\/\/lebowskicmo.com\/?s={search_term_string}"},"query-input":{"@type":"PropertyValueSpecification","valueRequired":true,"valueName":"search_term_string"}}],"inLanguage":"en-GB"},{"@type":"Organization","@id":"https:\/\/lebowskicmo.com\/#organization","name":"Lebowsky Agency","url":"https:\/\/lebowskicmo.com\/","logo":{"@type":"ImageObject","inLanguage":"en-GB","@id":"https:\/\/lebowskicmo.com\/#\/schema\/logo\/image\/","url":"https:\/\/lebowskicmo.com\/wp-content\/uploads\/favicon.svg","contentUrl":"https:\/\/lebowskicmo.com\/wp-content\/uploads\/favicon.svg","width":600,"height":600,"caption":"Lebowsky Agency"},"image":{"@id":"https:\/\/lebowskicmo.com\/#\/schema\/logo\/image\/"},"sameAs":["https:\/\/es.linkedin.com\/company\/lebowski-marketing"]}]}},"_links":{"self":[{"href":"https:\/\/lebowskicmo.com\/en\/wp-json\/wp\/v2\/pages\/51","targetHints":{"allow":["GET"]}}],"collection":[{"href":"https:\/\/lebowskicmo.com\/en\/wp-json\/wp\/v2\/pages"}],"about":[{"href":"https:\/\/lebowskicmo.com\/en\/wp-json\/wp\/v2\/types\/page"}],"author":[{"embeddable":true,"href":"https:\/\/lebowskicmo.com\/en\/wp-json\/wp\/v2\/users\/1"}],"replies":[{"embeddable":true,"href":"https:\/\/lebowskicmo.com\/en\/wp-json\/wp\/v2\/comments?post=51"}],"version-history":[{"count":12,"href":"https:\/\/lebowskicmo.com\/en\/wp-json\/wp\/v2\/pages\/51\/revisions"}],"predecessor-version":[{"id":2295,"href":"https:\/\/lebowskicmo.com\/en\/wp-json\/wp\/v2\/pages\/51\/revisions\/2295"}],"wp:attachment":[{"href":"https:\/\/lebowskicmo.com\/en\/wp-json\/wp\/v2\/media?parent=51"}],"curies":[{"name":"wp","href":"https:\/\/api.w.org\/{rel}","templated":true}]}}