{"id":53,"date":"2024-10-18T20:32:41","date_gmt":"2024-10-18T18:32:41","guid":{"rendered":"https:\/\/lebowskicmo.com\/?page_id=53"},"modified":"2024-11-10T19:33:07","modified_gmt":"2024-11-10T18:33:07","slug":"contact","status":"publish","type":"page","link":"https:\/\/lebowskicmo.com\/en\/contact\/","title":{"rendered":"Contact"},"content":{"rendered":"\t\t<div data-elementor-type=\"wp-page\" data-elementor-id=\"53\" class=\"elementor elementor-53\">\n\t\t\t\t<div class=\"elementor-element elementor-element-d0a9239 height-limit e-flex e-con-boxed wpr-equal-height-no e-con e-parent\" data-id=\"d0a9239\" data-element_type=\"container\" data-e-type=\"container\" data-settings=\"{&quot;background_background&quot;:&quot;classic&quot;}\">\n\t\t\t\t\t<div class=\"e-con-inner\">\n\t\t<div class=\"elementor-element elementor-element-62c147b e-con-full e-flex wpr-equal-height-no e-con e-child\" data-id=\"62c147b\" data-element_type=\"container\" data-e-type=\"container\">\n\t\t\t\t<div class=\"elementor-element elementor-element-465875e elementor-widget elementor-widget-heading\" data-id=\"465875e\" data-element_type=\"widget\" data-e-type=\"widget\" data-widget_type=\"heading.default\">\n\t\t\t\t<div class=\"elementor-widget-container\">\n\t\t\t\t\t<h1 class=\"elementor-heading-title elementor-size-default\">Impulsa el marketing de tu startup con nuestro servicio de Fractional CMO<\/h1>\t\t\t\t<\/div>\n\t\t\t\t<\/div>\n\t\t\t\t<\/div>\n\t\t<div class=\"elementor-element elementor-element-5b18e67 e-con-full e-flex wpr-equal-height-no e-con e-child\" data-id=\"5b18e67\" data-element_type=\"container\" data-e-type=\"container\">\n\t\t\t\t<div class=\"elementor-element elementor-element-d7eb301 elementor-widget elementor-widget-heading\" data-id=\"d7eb301\" data-element_type=\"widget\" data-e-type=\"widget\" data-widget_type=\"heading.default\">\n\t\t\t\t<div class=\"elementor-widget-container\">\n\t\t\t\t\t<h2 class=\"elementor-heading-title elementor-size-default\">Si quieres saber m\u00e1s, ya sabes<\/h2>\t\t\t\t<\/div>\n\t\t\t\t<\/div>\n\t\t\t\t<div class=\"elementor-element elementor-element-34212f6 wpr-forms-align-left elementor-widget elementor-widget-wpr-forms\" data-id=\"34212f6\" data-element_type=\"widget\" data-e-type=\"widget\" data-widget_type=\"wpr-forms.default\">\n\t\t\t\t<div class=\"elementor-widget-container\">\n\t\t\t\t\t<div class=\"wpr-forms-container wpr-custom-chk-radio\"><div class=\"wpforms-container wpforms-container-full wpforms-render-modern\" id=\"wpforms-480\"><form id=\"wpforms-form-480\" class=\"wpforms-validate wpforms-form wpforms-ajax-form\" data-formid=\"480\" method=\"post\" enctype=\"multipart\/form-data\" action=\"\/en\/wp-json\/wp\/v2\/pages\/53\" data-token=\"467f00bd9b38f36cb9dbbafc1c5b5b11\" data-token-time=\"1777285673\"><noscript class=\"wpforms-error-noscript\">Please enable JavaScript in your browser to complete this form.<\/noscript><div id=\"wpforms-error-noscript\" style=\"display: none;\">Please enable JavaScript in your browser to complete this form.<\/div><div class=\"wpforms-field-container\"><div id=\"wpforms-480-field_1-container\" class=\"wpforms-field wpforms-field-name\" data-field-id=\"1\"><label class=\"wpforms-field-label\" for=\"wpforms-480-field_1\">Nombre <span class=\"wpforms-required-label\" aria-hidden=\"true\">*<\/span><\/label><input type=\"text\" id=\"wpforms-480-field_1\" class=\"wpforms-field-large wpforms-field-required\" name=\"wpforms[fields][1]\" placeholder=\"Nombre\" aria-errormessage=\"wpforms-480-field_1-error\" required><\/div>\t\t<div id=\"wpforms-480-field_5-container\"\n\t\t\tclass=\"wpforms-field wpforms-field-text\"\n\t\t\tdata-field-type=\"text\"\n\t\t\tdata-field-id=\"5\"\n\t\t\t>\n\t\t\t<label class=\"wpforms-field-label\" for=\"wpforms-480-field_5\" >tu startup Nombre<\/label>\n\t\t\t<input type=\"text\" id=\"wpforms-480-field_5\" class=\"wpforms-field-medium\" name=\"wpforms[fields][5]\" >\n\t\t<\/div>\n\t\t<div id=\"wpforms-480-field_6-container\" class=\"wpforms-field wpforms-field-text\" data-field-id=\"6\"><label class=\"wpforms-field-label\" for=\"wpforms-480-field_6\">Web de tu startup <span class=\"wpforms-required-label\" aria-hidden=\"true\">*<\/span><\/label><input type=\"text\" id=\"wpforms-480-field_6\" class=\"wpforms-field-large wpforms-field-required\" name=\"wpforms[fields][6]\" placeholder=\"Web de tu startup\" aria-errormessage=\"wpforms-480-field_6-error\" required><\/div><div id=\"wpforms-480-field_3-container\" class=\"wpforms-field wpforms-field-email\" data-field-id=\"3\"><label class=\"wpforms-field-label\" for=\"wpforms-480-field_3\">E-mail corporativo <span class=\"wpforms-required-label\" aria-hidden=\"true\">*<\/span><\/label><input type=\"email\" id=\"wpforms-480-field_3\" class=\"wpforms-field-large wpforms-field-required\" name=\"wpforms[fields][3]\" placeholder=\"E-mail corporativo\" spellcheck=\"false\" aria-errormessage=\"wpforms-480-field_3-error\" required><\/div><div id=\"wpforms-480-field_2-container\" class=\"wpforms-field wpforms-field-phone\" data-field-id=\"2\"><label class=\"wpforms-field-label\" for=\"wpforms-480-field_2\">Tel\u00e9fono <span class=\"wpforms-required-label\" aria-hidden=\"true\">*<\/span><\/label><input type=\"tel\" id=\"wpforms-480-field_2\" class=\"wpforms-field-large wpforms-field-required\" data-rule-int-phone-field=\"true\" name=\"wpforms[fields][2]\" placeholder=\"Tel\u00e9fono\" aria-label=\"Tel\u00e9fono\" aria-errormessage=\"wpforms-480-field_2-error\" required><\/div><div id=\"wpforms-480-field_7-container\" class=\"wpforms-field wpforms-field-html\" data-field-id=\"7\"><div id=\"wpforms-480-field_7\" aria-errormessage=\"wpforms-480-field_7-error\">Responsable del tratamiento: Lebowski Innovations SL. Finalidad: Enviarte informaci\u00f3n relacionada con tu consulta. Legitimaci\u00f3n: Consentimiento. Destinatarios: No se realizan cesiones, salvo a los proveedores de servicios de alojamiento de los servidores ubicados dentro de la UE. Derechos: Podr\u00e1s ejercer los derechos de acceso, rectificaci\u00f3n, limitaci\u00f3n, oposici\u00f3n, portabilidad, o retirar el consentimiento enviando un email a info@lebowskimkt.com. M\u00e1s informaci\u00f3n: Consulta nuestra <a href=\"\/politica-de-privacidad\" target=\"_blank\">Pol\u00edtica de Privacidad<\/a> para m\u00e1s informaci\u00f3n.<\/div><\/div><div id=\"wpforms-480-field_4-container\" class=\"wpforms-field wpforms-field-checkbox\" data-field-id=\"4\"><fieldset><legend class=\"wpforms-field-label wpforms-label-hide\" aria-hidden=\"false\">RGPD <span class=\"wpforms-required-label\" aria-hidden=\"true\">*<\/span><\/legend><ul id=\"wpforms-480-field_4\" class=\"wpforms-field-required\"><li class=\"choice-1 depth-1\"><input type=\"checkbox\" id=\"wpforms-480-field_4_1\" name=\"wpforms[fields][4][]\" value=\"Acepto el tratamiento de mis datos con el fin de recibir informaci\u00f3n\" aria-errormessage=\"wpforms-480-field_4_1-error\" required ><label class=\"wpforms-field-label-inline\" for=\"wpforms-480-field_4_1\">Acepto el tratamiento de mis datos con el fin de recibir informaci\u00f3n<\/label><\/li><\/ul><\/fieldset><\/div><script>\n\t\t\t\t( function() {\n\t\t\t\t\tconst style = document.createElement( 'style' );\n\t\t\t\t\tstyle.appendChild( document.createTextNode( '#wpforms-480-field_5-container { position: absolute !important; overflow: hidden !important; display: inline !important; height: 1px !important; width: 1px !important; z-index: -1000 !important; padding: 0 !important; } #wpforms-480-field_5-container input { visibility: hidden; } #wpforms-conversational-form-page #wpforms-480-field_5-container label { counter-increment: none; }' ) );\n\t\t\t\t\tdocument.head.appendChild( style );\n\t\t\t\t\tdocument.currentScript?.remove();\n\t\t\t\t} )();\n\t\t\t<\/script><\/div><!-- .wpforms-field-container --><div class=\"wpforms-submit-container\" ><input type=\"hidden\" name=\"wpforms[id]\" value=\"480\"><input type=\"hidden\" name=\"page_title\" value=\"\"><input type=\"hidden\" name=\"page_url\" value=\"https:\/\/lebowskicmo.com\/en\/wp-json\/wp\/v2\/pages\/53\"><input type=\"hidden\" name=\"url_referer\" value=\"\"><button type=\"submit\" name=\"wpforms[submit]\" id=\"wpforms-submit-480\" class=\"wpforms-submit\" data-alt-text=\"Enviando...\" data-submit-text=\"Contactar\" aria-live=\"assertive\" value=\"wpforms-submit\">Contactar<\/button><img decoding=\"async\" src=\"https:\/\/lebowskicmo.com\/wp-content\/plugins\/wpforms\/assets\/images\/submit-spin.svg\" class=\"wpforms-submit-spinner\" style=\"display: none;\" width=\"26\" height=\"26\" alt=\"Loading\"><\/div><\/form><\/div>  <!-- .wpforms-container --><\/div>\t\t\t\t<\/div>\n\t\t\t\t<\/div>\n\t\t\t\t<\/div>\n\t\t\t\t\t<\/div>\n\t\t\t\t<\/div>\n\t\t\t\t<\/div>\n\t\t","protected":false},"excerpt":{"rendered":"<p>Boost your startup's marketing with our Fractional CMO service If you want to know more, please enable JavaScript in your browser to complete this form.Please enable JavaScript in your browser to complete this form.Name *Web of your startup *Corporate email *Phone *Person responsible for processing: Lebowski Innovations SL. Purpose: To send you information related to your query. Legitimation: Consent. Recipients: No transfers are made, except to hosting service providers of servers located within the EU. Rights: You may exercise your rights of access, rectification, limitation, opposition, portability or withdrawal of consent by sending an email to info@lebowskimkt.com. More information: See our Privacy Policy for more information. RGPD * I agree to the processing of my personal data for the purpose of receiving information Contact us<\/p>","protected":false},"author":1,"featured_media":0,"parent":0,"menu_order":0,"comment_status":"closed","ping_status":"closed","template":"","meta":{"footnotes":""},"class_list":["post-53","page","type-page","status-publish","hentry"],"yoast_head":"<!-- This site is optimized with the Yoast SEO plugin v27.4 - https:\/\/yoast.com\/product\/yoast-seo-wordpress\/ -->\n<title>Contacto - Lebowsky CMO<\/title>\n<meta name=\"robots\" content=\"index, follow, max-snippet:-1, max-image-preview:large, max-video-preview:-1\" \/>\n<link rel=\"canonical\" href=\"https:\/\/lebowskicmo.com\/en\/contact\/\" \/>\n<meta property=\"og:locale\" content=\"en_GB\" \/>\n<meta property=\"og:type\" content=\"article\" \/>\n<meta property=\"og:title\" content=\"Contacto - Lebowsky CMO\" \/>\n<meta property=\"og:description\" content=\"Impulsa el marketing de tu startup con nuestro servicio de Fractional CMO Si quieres saber m\u00e1s, ya sabes Por favor, activa JavaScript en tu navegador para completar este formulario.Por favor, activa JavaScript en tu navegador para completar este formulario.Nombre *Web de tu startup *E-mail corporativo *Tel\u00e9fono *Responsable del tratamiento: Lebowski Innovations SL. Finalidad: Enviarte informaci\u00f3n relacionada con tu consulta. Legitimaci\u00f3n: Consentimiento. Destinatarios: No se realizan cesiones, salvo a los proveedores de servicios de alojamiento de los servidores ubicados dentro de la UE. Derechos: Podr\u00e1s ejercer los derechos de acceso, rectificaci\u00f3n, limitaci\u00f3n, oposici\u00f3n, portabilidad, o retirar el consentimiento enviando un email a info@lebowskimkt.com. M\u00e1s informaci\u00f3n: Consulta nuestra Pol\u00edtica de Privacidad para m\u00e1s informaci\u00f3n. RGPD * Acepto el tratamiento de mis datos con el fin de recibir informaci\u00f3n Contactar\" \/>\n<meta property=\"og:url\" content=\"https:\/\/lebowskicmo.com\/en\/contact\/\" \/>\n<meta property=\"og:site_name\" content=\"Lebowsky CMO\" \/>\n<meta property=\"article:modified_time\" content=\"2024-11-10T18:33:07+00:00\" \/>\n<meta property=\"og:image\" content=\"https:\/\/lebowskicmo.com\/wp-content\/plugins\/wpforms\/assets\/images\/submit-spin.svg\" \/>\n<meta name=\"twitter:card\" content=\"summary_large_image\" \/>\n<meta name=\"twitter:label1\" content=\"Estimated reading time\" \/>\n\t<meta name=\"twitter:data1\" content=\"1 minute\" \/>\n<script type=\"application\/ld+json\" class=\"yoast-schema-graph\">{\"@context\":\"https:\\\/\\\/schema.org\",\"@graph\":[{\"@type\":\"WebPage\",\"@id\":\"https:\\\/\\\/lebowskicmo.com\\\/contacto\\\/\",\"url\":\"https:\\\/\\\/lebowskicmo.com\\\/contacto\\\/\",\"name\":\"Contacto - Lebowsky CMO\",\"isPartOf\":{\"@id\":\"https:\\\/\\\/lebowskicmo.com\\\/#website\"},\"primaryImageOfPage\":{\"@id\":\"https:\\\/\\\/lebowskicmo.com\\\/contacto\\\/#primaryimage\"},\"image\":{\"@id\":\"https:\\\/\\\/lebowskicmo.com\\\/contacto\\\/#primaryimage\"},\"thumbnailUrl\":\"https:\\\/\\\/lebowskicmo.com\\\/wp-content\\\/plugins\\\/wpforms\\\/assets\\\/images\\\/submit-spin.svg\",\"datePublished\":\"2024-10-18T18:32:41+00:00\",\"dateModified\":\"2024-11-10T18:33:07+00:00\",\"breadcrumb\":{\"@id\":\"https:\\\/\\\/lebowskicmo.com\\\/contacto\\\/#breadcrumb\"},\"inLanguage\":\"en-GB\",\"potentialAction\":[{\"@type\":\"ReadAction\",\"target\":[\"https:\\\/\\\/lebowskicmo.com\\\/contacto\\\/\"]}]},{\"@type\":\"ImageObject\",\"inLanguage\":\"en-GB\",\"@id\":\"https:\\\/\\\/lebowskicmo.com\\\/contacto\\\/#primaryimage\",\"url\":\"https:\\\/\\\/lebowskicmo.com\\\/wp-content\\\/plugins\\\/wpforms\\\/assets\\\/images\\\/submit-spin.svg\",\"contentUrl\":\"https:\\\/\\\/lebowskicmo.com\\\/wp-content\\\/plugins\\\/wpforms\\\/assets\\\/images\\\/submit-spin.svg\"},{\"@type\":\"BreadcrumbList\",\"@id\":\"https:\\\/\\\/lebowskicmo.com\\\/contacto\\\/#breadcrumb\",\"itemListElement\":[{\"@type\":\"ListItem\",\"position\":1,\"name\":\"Portada\",\"item\":\"https:\\\/\\\/lebowskicmo.com\\\/\"},{\"@type\":\"ListItem\",\"position\":2,\"name\":\"Contacto\"}]},{\"@type\":\"WebSite\",\"@id\":\"https:\\\/\\\/lebowskicmo.com\\\/#website\",\"url\":\"https:\\\/\\\/lebowskicmo.com\\\/\",\"name\":\"Lebowsky Agency\",\"description\":\"Servicios de Fractional CMO &amp; CSO para empresas\",\"publisher\":{\"@id\":\"https:\\\/\\\/lebowskicmo.com\\\/#organization\"},\"potentialAction\":[{\"@type\":\"SearchAction\",\"target\":{\"@type\":\"EntryPoint\",\"urlTemplate\":\"https:\\\/\\\/lebowskicmo.com\\\/?s={search_term_string}\"},\"query-input\":{\"@type\":\"PropertyValueSpecification\",\"valueRequired\":true,\"valueName\":\"search_term_string\"}}],\"inLanguage\":\"en-GB\"},{\"@type\":\"Organization\",\"@id\":\"https:\\\/\\\/lebowskicmo.com\\\/#organization\",\"name\":\"Lebowsky Agency\",\"url\":\"https:\\\/\\\/lebowskicmo.com\\\/\",\"logo\":{\"@type\":\"ImageObject\",\"inLanguage\":\"en-GB\",\"@id\":\"https:\\\/\\\/lebowskicmo.com\\\/#\\\/schema\\\/logo\\\/image\\\/\",\"url\":\"https:\\\/\\\/lebowskicmo.com\\\/wp-content\\\/uploads\\\/favicon.svg\",\"contentUrl\":\"https:\\\/\\\/lebowskicmo.com\\\/wp-content\\\/uploads\\\/favicon.svg\",\"width\":600,\"height\":600,\"caption\":\"Lebowsky Agency\"},\"image\":{\"@id\":\"https:\\\/\\\/lebowskicmo.com\\\/#\\\/schema\\\/logo\\\/image\\\/\"},\"sameAs\":[\"https:\\\/\\\/es.linkedin.com\\\/company\\\/lebowski-marketing\"]}]}<\/script>\n<!-- \/ Yoast SEO plugin. -->","yoast_head_json":{"title":"Contact - Lebowsky CMO","robots":{"index":"index","follow":"follow","max-snippet":"max-snippet:-1","max-image-preview":"max-image-preview:large","max-video-preview":"max-video-preview:-1"},"canonical":"https:\/\/lebowskicmo.com\/en\/contact\/","og_locale":"en_GB","og_type":"article","og_title":"Contacto - Lebowsky CMO","og_description":"Impulsa el marketing de tu startup con nuestro servicio de Fractional CMO Si quieres saber m\u00e1s, ya sabes Por favor, activa JavaScript en tu navegador para completar este formulario.Por favor, activa JavaScript en tu navegador para completar este formulario.Nombre *Web de tu startup *E-mail corporativo *Tel\u00e9fono *Responsable del tratamiento: Lebowski Innovations SL. Finalidad: Enviarte informaci\u00f3n relacionada con tu consulta. Legitimaci\u00f3n: Consentimiento. Destinatarios: No se realizan cesiones, salvo a los proveedores de servicios de alojamiento de los servidores ubicados dentro de la UE. Derechos: Podr\u00e1s ejercer los derechos de acceso, rectificaci\u00f3n, limitaci\u00f3n, oposici\u00f3n, portabilidad, o retirar el consentimiento enviando un email a info@lebowskimkt.com. M\u00e1s informaci\u00f3n: Consulta nuestra Pol\u00edtica de Privacidad para m\u00e1s informaci\u00f3n. RGPD * Acepto el tratamiento de mis datos con el fin de recibir informaci\u00f3n Contactar","og_url":"https:\/\/lebowskicmo.com\/en\/contact\/","og_site_name":"Lebowsky CMO","article_modified_time":"2024-11-10T18:33:07+00:00","og_image":[{"url":"https:\/\/lebowskicmo.com\/wp-content\/plugins\/wpforms\/assets\/images\/submit-spin.svg","type":"","width":"","height":""}],"twitter_card":"summary_large_image","twitter_misc":{"Estimated reading time":"1 minute"},"schema":{"@context":"https:\/\/schema.org","@graph":[{"@type":"WebPage","@id":"https:\/\/lebowskicmo.com\/contacto\/","url":"https:\/\/lebowskicmo.com\/contacto\/","name":"Contact - Lebowsky CMO","isPartOf":{"@id":"https:\/\/lebowskicmo.com\/#website"},"primaryImageOfPage":{"@id":"https:\/\/lebowskicmo.com\/contacto\/#primaryimage"},"image":{"@id":"https:\/\/lebowskicmo.com\/contacto\/#primaryimage"},"thumbnailUrl":"https:\/\/lebowskicmo.com\/wp-content\/plugins\/wpforms\/assets\/images\/submit-spin.svg","datePublished":"2024-10-18T18:32:41+00:00","dateModified":"2024-11-10T18:33:07+00:00","breadcrumb":{"@id":"https:\/\/lebowskicmo.com\/contacto\/#breadcrumb"},"inLanguage":"en-GB","potentialAction":[{"@type":"ReadAction","target":["https:\/\/lebowskicmo.com\/contacto\/"]}]},{"@type":"ImageObject","inLanguage":"en-GB","@id":"https:\/\/lebowskicmo.com\/contacto\/#primaryimage","url":"https:\/\/lebowskicmo.com\/wp-content\/plugins\/wpforms\/assets\/images\/submit-spin.svg","contentUrl":"https:\/\/lebowskicmo.com\/wp-content\/plugins\/wpforms\/assets\/images\/submit-spin.svg"},{"@type":"BreadcrumbList","@id":"https:\/\/lebowskicmo.com\/contacto\/#breadcrumb","itemListElement":[{"@type":"ListItem","position":1,"name":"Portada","item":"https:\/\/lebowskicmo.com\/"},{"@type":"ListItem","position":2,"name":"Contacto"}]},{"@type":"WebSite","@id":"https:\/\/lebowskicmo.com\/#website","url":"https:\/\/lebowskicmo.com\/","name":"Lebowsky Agency","description":"Fractional CMO &amp; CSO services for companies","publisher":{"@id":"https:\/\/lebowskicmo.com\/#organization"},"potentialAction":[{"@type":"SearchAction","target":{"@type":"EntryPoint","urlTemplate":"https:\/\/lebowskicmo.com\/?s={search_term_string}"},"query-input":{"@type":"PropertyValueSpecification","valueRequired":true,"valueName":"search_term_string"}}],"inLanguage":"en-GB"},{"@type":"Organization","@id":"https:\/\/lebowskicmo.com\/#organization","name":"Lebowsky Agency","url":"https:\/\/lebowskicmo.com\/","logo":{"@type":"ImageObject","inLanguage":"en-GB","@id":"https:\/\/lebowskicmo.com\/#\/schema\/logo\/image\/","url":"https:\/\/lebowskicmo.com\/wp-content\/uploads\/favicon.svg","contentUrl":"https:\/\/lebowskicmo.com\/wp-content\/uploads\/favicon.svg","width":600,"height":600,"caption":"Lebowsky Agency"},"image":{"@id":"https:\/\/lebowskicmo.com\/#\/schema\/logo\/image\/"},"sameAs":["https:\/\/es.linkedin.com\/company\/lebowski-marketing"]}]}},"_links":{"self":[{"href":"https:\/\/lebowskicmo.com\/en\/wp-json\/wp\/v2\/pages\/53","targetHints":{"allow":["GET"]}}],"collection":[{"href":"https:\/\/lebowskicmo.com\/en\/wp-json\/wp\/v2\/pages"}],"about":[{"href":"https:\/\/lebowskicmo.com\/en\/wp-json\/wp\/v2\/types\/page"}],"author":[{"embeddable":true,"href":"https:\/\/lebowskicmo.com\/en\/wp-json\/wp\/v2\/users\/1"}],"replies":[{"embeddable":true,"href":"https:\/\/lebowskicmo.com\/en\/wp-json\/wp\/v2\/comments?post=53"}],"version-history":[{"count":1,"href":"https:\/\/lebowskicmo.com\/en\/wp-json\/wp\/v2\/pages\/53\/revisions"}],"predecessor-version":[{"id":2510,"href":"https:\/\/lebowskicmo.com\/en\/wp-json\/wp\/v2\/pages\/53\/revisions\/2510"}],"wp:attachment":[{"href":"https:\/\/lebowskicmo.com\/en\/wp-json\/wp\/v2\/media?parent=53"}],"curies":[{"name":"wp","href":"https:\/\/api.w.org\/{rel}","templated":true}]}}