{"id":59,"date":"2024-10-18T20:33:53","date_gmt":"2024-10-18T18:33:53","guid":{"rendered":"https:\/\/lebowskicmo.com\/?page_id=59"},"modified":"2026-05-06T11:47:32","modified_gmt":"2026-05-06T09:47:32","slug":"about-us","status":"publish","type":"page","link":"https:\/\/lebowskicmo.com\/en\/about-us\/","title":{"rendered":"About us"},"content":{"rendered":"<div data-elementor-type=\"wp-page\" data-elementor-id=\"59\" class=\"elementor elementor-59\">\n\t\t\t\t<div class=\"elementor-element elementor-element-f9ee1b0 e-flex e-con-boxed wpr-column-slider-no wpr-equal-height-no e-con e-parent\" data-id=\"f9ee1b0\" data-element_type=\"container\" data-e-type=\"container\" data-settings=\"{&quot;background_background&quot;:&quot;classic&quot;}\">\n\t\t\t\t\t<div class=\"e-con-inner\">\n\t\t\t\t<div class=\"elementor-element elementor-element-06119ea elementor-widget elementor-widget-heading\" data-id=\"06119ea\" data-element_type=\"widget\" data-e-type=\"widget\" data-widget_type=\"heading.default\">\n\t\t\t\t<div class=\"elementor-widget-container\">\n\t\t\t\t\t<h1 class=\"elementor-heading-title elementor-size-default\">Building businesses with an entrepreneurial mindset<\/h1>\t\t\t\t<\/div>\n\t\t\t\t<\/div>\n\t\t\t\t<div class=\"elementor-element elementor-element-8c33d0f elementor-widget elementor-widget-text-editor\" data-id=\"8c33d0f\" data-element_type=\"widget\" data-e-type=\"widget\" data-widget_type=\"text-editor.default\">\n\t\t\t\t<div class=\"elementor-widget-container\">\n\t\t\t\t\t\t\t\t\t<p>We know what it takes to build a business<\/p>\t\t\t\t\t\t\t\t<\/div>\n\t\t\t\t<\/div>\n\t\t\t\t\t<\/div>\n\t\t\t\t<\/div>\n\t\t<div class=\"elementor-element elementor-element-a22a997 e-flex e-con-boxed wpr-column-slider-no wpr-equal-height-no e-con e-parent\" data-id=\"a22a997\" data-element_type=\"container\" data-e-type=\"container\" data-settings=\"{&quot;background_background&quot;:&quot;classic&quot;}\">\n\t\t\t\t\t<div class=\"e-con-inner\">\n\t\t<div class=\"elementor-element elementor-element-0976579 e-con-full e-flex wpr-column-slider-no wpr-equal-height-no e-con e-child\" data-id=\"0976579\" data-element_type=\"container\" data-e-type=\"container\" data-settings=\"{&quot;background_background&quot;:&quot;classic&quot;}\">\n\t\t<div class=\"elementor-element elementor-element-ede0413 e-con-full e-flex wpr-column-slider-no wpr-equal-height-no e-con e-child\" data-id=\"ede0413\" data-element_type=\"container\" data-e-type=\"container\">\n\t\t\t\t<div class=\"elementor-element elementor-element-f8d2e2e elementor-widget elementor-widget-heading\" data-id=\"f8d2e2e\" data-element_type=\"widget\" data-e-type=\"widget\" data-widget_type=\"heading.default\">\n\t\t\t\t<div class=\"elementor-widget-container\">\n\t\t\t\t\t<h2 class=\"elementor-heading-title elementor-size-default\">Who's behind Lebowski<\/h2>\t\t\t\t<\/div>\n\t\t\t\t<\/div>\n\t\t\t\t<\/div>\n\t\t<div class=\"elementor-element elementor-element-615a3b2 e-con-full e-flex wpr-column-slider-no wpr-equal-height-no e-con e-child\" data-id=\"615a3b2\" data-element_type=\"container\" data-e-type=\"container\">\n\t\t\t\t<div class=\"elementor-element elementor-element-f0cf9d0 elementor-widget elementor-widget-text-editor\" data-id=\"f0cf9d0\" data-element_type=\"widget\" data-e-type=\"widget\" data-widget_type=\"text-editor.default\">\n\t\t\t\t<div class=\"elementor-widget-container\">\n\t\t\t\t\t\t\t\t\t<p class=\"p1\">Lebowski is born from experience working inside real businesses: from 10 years at Apple to creating and growing startups and own projects.<\/p><p class=\"p2\">Today we help entrepreneurs and growing businesses make better decisions, gain focus and execute strategies that create real impact.<\/p>\t\t\t\t\t\t\t\t<\/div>\n\t\t\t\t<\/div>\n\t\t\t\t<\/div>\n\t\t\t\t<\/div>\n\t\t<div class=\"elementor-element elementor-element-8ca5793 e-con-full e-flex wpr-column-slider-no wpr-equal-height-no e-con e-child\" data-id=\"8ca5793\" data-element_type=\"container\" data-e-type=\"container\" data-settings=\"{&quot;background_background&quot;:&quot;classic&quot;}\">\n\t\t<div class=\"elementor-element elementor-element-2edf130 e-con-full e-flex wpr-column-slider-no wpr-equal-height-no e-con e-child\" data-id=\"2edf130\" data-element_type=\"container\" data-e-type=\"container\" data-settings=\"{&quot;background_background&quot;:&quot;classic&quot;}\">\n\t\t\t\t<div class=\"elementor-element elementor-element-58eecf1 elementor-widget elementor-widget-heading\" data-id=\"58eecf1\" data-element_type=\"widget\" data-e-type=\"widget\" data-widget_type=\"heading.default\">\n\t\t\t\t<div class=\"elementor-widget-container\">\n\t\t\t\t\t<h2 class=\"elementor-heading-title elementor-size-default\">Julio Rodr\u00edguez - Advisor &amp; Fractional CMO\/CSO<\/h2>\t\t\t\t<\/div>\n\t\t\t\t<\/div>\n\t\t\t\t<div class=\"elementor-element elementor-element-adb2ca7 elementor-widget-divider--view-line elementor-widget elementor-widget-divider\" data-id=\"adb2ca7\" data-element_type=\"widget\" data-e-type=\"widget\" data-widget_type=\"divider.default\">\n\t\t\t\t<div class=\"elementor-widget-container\">\n\t\t\t\t\t\t\t<div class=\"elementor-divider\">\n\t\t\t<span class=\"elementor-divider-separator\">\n\t\t\t\t\t\t<\/span>\n\t\t<\/div>\n\t\t\t\t\t\t<\/div>\n\t\t\t\t<\/div>\n\t\t\t\t<div class=\"elementor-element elementor-element-08d30b1 elementor-widget elementor-widget-text-editor\" data-id=\"08d30b1\" data-element_type=\"widget\" data-e-type=\"widget\" data-widget_type=\"text-editor.default\">\n\t\t\t\t<div class=\"elementor-widget-container\">\n\t\t\t\t\t\t\t\t\t<p class=\"p1\">I have been working for more than 10 years in environments where growth, strategy and execution go hand in hand.<\/p>\n<p class=\"p1\">During that time I have developed teams and new business areas at Apple, as well as leading projects with more than \u20ac2M of investment, as CEO of Perif.ai, a startup specialising in AI applied to the insurance sector.<\/p>\n<p class=\"p1\">Today I accompany entrepreneurs and growing companies helping them to gain clarity, validate opportunities and build strategies focused on real growth.<\/p>\n<p class=\"p1\">I believe much more in executing, learning fast and staying focused than in perfect plans.<\/p>\n<p class=\"p2\">Outside of work, I enjoy nature, my dogs and winter sports and&nbsp;<img decoding=\"async\" draggable=\"false\" role=\"img\" class=\"emoji\" alt=\"\ud83c\udfd4\ufe0f\" src=\"https:\/\/s.w.org\/images\/core\/emoji\/17.0.2\/svg\/1f3d4.svg\"><img decoding=\"async\" draggable=\"false\" role=\"img\" class=\"emoji\" alt=\"\ud83d\udc3e\" src=\"https:\/\/s.w.org\/images\/core\/emoji\/17.0.2\/svg\/1f43e.svg\"><img decoding=\"async\" draggable=\"false\" role=\"img\" class=\"emoji\" alt=\"\ud83c\udfc2\" src=\"https:\/\/s.w.org\/images\/core\/emoji\/17.0.2\/svg\/1f3c2.svg\"><\/p>\t\t\t\t\t\t\t\t<\/div>\n\t\t\t\t<\/div>\n\t\t\t\t<\/div>\n\t\t<div class=\"elementor-element elementor-element-b3cd3b3 e-con-full e-flex wpr-column-slider-no wpr-equal-height-no e-con e-child\" data-id=\"b3cd3b3\" data-element_type=\"container\" data-e-type=\"container\">\n\t\t\t\t<div class=\"elementor-element elementor-element-c3f290a elementor-widget elementor-widget-image\" data-id=\"c3f290a\" data-element_type=\"widget\" data-e-type=\"widget\" data-widget_type=\"image.default\">\n\t\t\t\t<div class=\"elementor-widget-container\">\n\t\t\t\t\t\t\t\t\t\t\t\t\t\t\t<img fetchpriority=\"high\" decoding=\"async\" width=\"1707\" height=\"2560\" src=\"https:\/\/lebowskicmo.com\/wp-content\/uploads\/P2110086-scaled.jpg\" class=\"attachment-full size-full wp-image-2343\" alt=\"\" srcset=\"https:\/\/lebowskicmo.com\/wp-content\/uploads\/P2110086-scaled.jpg 1707w, https:\/\/lebowskicmo.com\/wp-content\/uploads\/P2110086-200x300.jpg 200w, https:\/\/lebowskicmo.com\/wp-content\/uploads\/P2110086-683x1024.jpg 683w, https:\/\/lebowskicmo.com\/wp-content\/uploads\/P2110086-768x1152.jpg 768w, https:\/\/lebowskicmo.com\/wp-content\/uploads\/P2110086-1024x1536.jpg 1024w, https:\/\/lebowskicmo.com\/wp-content\/uploads\/P2110086-1365x2048.jpg 1365w, https:\/\/lebowskicmo.com\/wp-content\/uploads\/P2110086-8x12.jpg 8w\" sizes=\"(max-width: 1707px) 100vw, 1707px\" \/>\t\t\t\t\t\t\t\t\t\t\t\t\t\t\t<\/div>\n\t\t\t\t<\/div>\n\t\t\t\t<\/div>\n\t\t\t\t<\/div>\n\t\t\t\t\t<\/div>\n\t\t\t\t<\/div>\n\t\t\t\t<\/div>","protected":false},"excerpt":{"rendered":"<p>Construimos negocios con mentalidad emprendedora Sabemos lo que implica construir un negocio Qui\u00e9n est\u00e1 detr\u00e1s de Lebowski Lebowski nace de la experiencia trabajando dentro de negocios reales: desde 10 a\u00f1os en Apple hasta la creaci\u00f3n y crecimiento de startups y proyectos propios. Hoy ayudamos a emprendedores y empresas en crecimiento a tomar mejores decisiones, ganar foco y ejecutar estrategias que generen impacto real. Julio Rodr\u00edguez \u00b7 Advisor &amp; Fractional CMO\/CSO Llevo m\u00e1s de 10 a\u00f1os trabajando en entornos donde crecimiento, estrategia y ejecuci\u00f3n van de la mano. Durante ese tiempo he desarrollado equipos y nuevas \u00e1reas de negocio en Apple, adem\u00e1s de liderar proyectos con m\u00e1s de 2M\u20ac de inversi\u00f3n, como CEO de Perif.ai, startup especializada en IA aplicada al sector asegurador. Hoy acompa\u00f1o a emprendedores y empresas en crecimiento ayud\u00e1ndoles a ganar claridad, validar oportunidades y construir estrategias enfocadas en crecimiento real. Creo mucho m\u00e1s en ejecutar, aprender r\u00e1pido y mantener el foco que en los planes perfectos. Fuera del trabajo disfruto de la naturaleza, mis perros y los deportes de invierno y&nbsp;<\/p>","protected":false},"author":1,"featured_media":0,"parent":0,"menu_order":0,"comment_status":"closed","ping_status":"closed","template":"","meta":{"footnotes":""},"class_list":["post-59","page","type-page","status-publish","hentry"],"yoast_head":"<!-- This site is optimized with the Yoast SEO plugin v27.5 - https:\/\/yoast.com\/product\/yoast-seo-wordpress\/ -->\n<title>Nosotros - Lebowsky CMO<\/title>\n<meta name=\"robots\" content=\"index, follow, max-snippet:-1, max-image-preview:large, max-video-preview:-1\" \/>\n<link rel=\"canonical\" href=\"https:\/\/lebowskicmo.com\/en\/about-us\/\" \/>\n<meta property=\"og:locale\" content=\"en_GB\" \/>\n<meta property=\"og:type\" content=\"article\" \/>\n<meta property=\"og:title\" content=\"Nosotros - Lebowsky CMO\" \/>\n<meta property=\"og:description\" content=\"Construimos negocios con mentalidad emprendedora Sabemos lo que implica construir un negocio Qui\u00e9n est\u00e1 detr\u00e1s de Lebowski Lebowski nace de la experiencia trabajando dentro de negocios reales: desde 10 a\u00f1os en Apple hasta la creaci\u00f3n y crecimiento de startups y proyectos propios. Hoy ayudamos a emprendedores y empresas en crecimiento a tomar mejores decisiones, ganar foco y ejecutar estrategias que generen impacto real. Julio Rodr\u00edguez \u00b7 Advisor &amp; Fractional CMO\/CSO Llevo m\u00e1s de 10 a\u00f1os trabajando en entornos donde crecimiento, estrategia y ejecuci\u00f3n van de la mano. Durante ese tiempo he desarrollado equipos y nuevas \u00e1reas de negocio en Apple, adem\u00e1s de liderar proyectos con m\u00e1s de 2M\u20ac de inversi\u00f3n, como CEO de Perif.ai, startup especializada en IA aplicada al sector asegurador. Hoy acompa\u00f1o a emprendedores y empresas en crecimiento ayud\u00e1ndoles a ganar claridad, validar oportunidades y construir estrategias enfocadas en crecimiento real. Creo mucho m\u00e1s en ejecutar, aprender r\u00e1pido y mantener el foco que en los planes perfectos. Fuera del trabajo disfruto de la naturaleza, mis perros y los deportes de invierno y&nbsp;\" \/>\n<meta property=\"og:url\" content=\"https:\/\/lebowskicmo.com\/en\/about-us\/\" \/>\n<meta property=\"og:site_name\" content=\"Lebowsky CMO\" \/>\n<meta property=\"article:modified_time\" content=\"2026-05-06T09:47:32+00:00\" \/>\n<meta property=\"og:image\" content=\"https:\/\/s.w.org\/images\/core\/emoji\/17.0.2\/svg\/1f3d4.svg\" \/>\n<meta name=\"twitter:card\" content=\"summary_large_image\" \/>\n<meta name=\"twitter:label1\" content=\"Estimated reading time\" \/>\n\t<meta name=\"twitter:data1\" content=\"2 minutes\" \/>\n<script type=\"application\/ld+json\" class=\"yoast-schema-graph\">{\"@context\":\"https:\\\/\\\/schema.org\",\"@graph\":[{\"@type\":\"WebPage\",\"@id\":\"https:\\\/\\\/lebowskicmo.com\\\/nosotros\\\/\",\"url\":\"https:\\\/\\\/lebowskicmo.com\\\/nosotros\\\/\",\"name\":\"Nosotros - Lebowsky CMO\",\"isPartOf\":{\"@id\":\"https:\\\/\\\/lebowskicmo.com\\\/#website\"},\"primaryImageOfPage\":{\"@id\":\"https:\\\/\\\/lebowskicmo.com\\\/nosotros\\\/#primaryimage\"},\"image\":{\"@id\":\"https:\\\/\\\/lebowskicmo.com\\\/nosotros\\\/#primaryimage\"},\"thumbnailUrl\":\"https:\\\/\\\/s.w.org\\\/images\\\/core\\\/emoji\\\/17.0.2\\\/svg\\\/1f3d4.svg\",\"datePublished\":\"2024-10-18T18:33:53+00:00\",\"dateModified\":\"2026-05-06T09:47:32+00:00\",\"breadcrumb\":{\"@id\":\"https:\\\/\\\/lebowskicmo.com\\\/nosotros\\\/#breadcrumb\"},\"inLanguage\":\"en-GB\",\"potentialAction\":[{\"@type\":\"ReadAction\",\"target\":[\"https:\\\/\\\/lebowskicmo.com\\\/nosotros\\\/\"]}]},{\"@type\":\"ImageObject\",\"inLanguage\":\"en-GB\",\"@id\":\"https:\\\/\\\/lebowskicmo.com\\\/nosotros\\\/#primaryimage\",\"url\":\"https:\\\/\\\/s.w.org\\\/images\\\/core\\\/emoji\\\/17.0.2\\\/svg\\\/1f3d4.svg\",\"contentUrl\":\"https:\\\/\\\/s.w.org\\\/images\\\/core\\\/emoji\\\/17.0.2\\\/svg\\\/1f3d4.svg\"},{\"@type\":\"BreadcrumbList\",\"@id\":\"https:\\\/\\\/lebowskicmo.com\\\/nosotros\\\/#breadcrumb\",\"itemListElement\":[{\"@type\":\"ListItem\",\"position\":1,\"name\":\"Portada\",\"item\":\"https:\\\/\\\/lebowskicmo.com\\\/\"},{\"@type\":\"ListItem\",\"position\":2,\"name\":\"Nosotros\"}]},{\"@type\":\"WebSite\",\"@id\":\"https:\\\/\\\/lebowskicmo.com\\\/#website\",\"url\":\"https:\\\/\\\/lebowskicmo.com\\\/\",\"name\":\"Lebowsky Agency\",\"description\":\"Servicios de Fractional CMO &amp; CSO para empresas\",\"publisher\":{\"@id\":\"https:\\\/\\\/lebowskicmo.com\\\/#organization\"},\"potentialAction\":[{\"@type\":\"SearchAction\",\"target\":{\"@type\":\"EntryPoint\",\"urlTemplate\":\"https:\\\/\\\/lebowskicmo.com\\\/?s={search_term_string}\"},\"query-input\":{\"@type\":\"PropertyValueSpecification\",\"valueRequired\":true,\"valueName\":\"search_term_string\"}}],\"inLanguage\":\"en-GB\"},{\"@type\":\"Organization\",\"@id\":\"https:\\\/\\\/lebowskicmo.com\\\/#organization\",\"name\":\"Lebowsky Agency\",\"url\":\"https:\\\/\\\/lebowskicmo.com\\\/\",\"logo\":{\"@type\":\"ImageObject\",\"inLanguage\":\"en-GB\",\"@id\":\"https:\\\/\\\/lebowskicmo.com\\\/#\\\/schema\\\/logo\\\/image\\\/\",\"url\":\"https:\\\/\\\/lebowskicmo.com\\\/wp-content\\\/uploads\\\/favicon.svg\",\"contentUrl\":\"https:\\\/\\\/lebowskicmo.com\\\/wp-content\\\/uploads\\\/favicon.svg\",\"width\":600,\"height\":600,\"caption\":\"Lebowsky Agency\"},\"image\":{\"@id\":\"https:\\\/\\\/lebowskicmo.com\\\/#\\\/schema\\\/logo\\\/image\\\/\"},\"sameAs\":[\"https:\\\/\\\/es.linkedin.com\\\/company\\\/lebowski-marketing\"]}]}<\/script>\n<!-- \/ Yoast SEO plugin. -->","yoast_head_json":{"title":"About us - Lebowsky CMO","robots":{"index":"index","follow":"follow","max-snippet":"max-snippet:-1","max-image-preview":"max-image-preview:large","max-video-preview":"max-video-preview:-1"},"canonical":"https:\/\/lebowskicmo.com\/en\/about-us\/","og_locale":"en_GB","og_type":"article","og_title":"Nosotros - Lebowsky CMO","og_description":"Construimos negocios con mentalidad emprendedora Sabemos lo que implica construir un negocio Qui\u00e9n est\u00e1 detr\u00e1s de Lebowski Lebowski nace de la experiencia trabajando dentro de negocios reales: desde 10 a\u00f1os en Apple hasta la creaci\u00f3n y crecimiento de startups y proyectos propios. Hoy ayudamos a emprendedores y empresas en crecimiento a tomar mejores decisiones, ganar foco y ejecutar estrategias que generen impacto real. Julio Rodr\u00edguez \u00b7 Advisor &amp; Fractional CMO\/CSO Llevo m\u00e1s de 10 a\u00f1os trabajando en entornos donde crecimiento, estrategia y ejecuci\u00f3n van de la mano. Durante ese tiempo he desarrollado equipos y nuevas \u00e1reas de negocio en Apple, adem\u00e1s de liderar proyectos con m\u00e1s de 2M\u20ac de inversi\u00f3n, como CEO de Perif.ai, startup especializada en IA aplicada al sector asegurador. Hoy acompa\u00f1o a emprendedores y empresas en crecimiento ayud\u00e1ndoles a ganar claridad, validar oportunidades y construir estrategias enfocadas en crecimiento real. Creo mucho m\u00e1s en ejecutar, aprender r\u00e1pido y mantener el foco que en los planes perfectos. Fuera del trabajo disfruto de la naturaleza, mis perros y los deportes de invierno y&nbsp;","og_url":"https:\/\/lebowskicmo.com\/en\/about-us\/","og_site_name":"Lebowsky CMO","article_modified_time":"2026-05-06T09:47:32+00:00","og_image":[{"url":"https:\/\/s.w.org\/images\/core\/emoji\/17.0.2\/svg\/1f3d4.svg","type":"","width":"","height":""}],"twitter_card":"summary_large_image","twitter_misc":{"Estimated reading time":"2 minutes"},"schema":{"@context":"https:\/\/schema.org","@graph":[{"@type":"WebPage","@id":"https:\/\/lebowskicmo.com\/nosotros\/","url":"https:\/\/lebowskicmo.com\/nosotros\/","name":"About us - Lebowsky CMO","isPartOf":{"@id":"https:\/\/lebowskicmo.com\/#website"},"primaryImageOfPage":{"@id":"https:\/\/lebowskicmo.com\/nosotros\/#primaryimage"},"image":{"@id":"https:\/\/lebowskicmo.com\/nosotros\/#primaryimage"},"thumbnailUrl":"https:\/\/s.w.org\/images\/core\/emoji\/17.0.2\/svg\/1f3d4.svg","datePublished":"2024-10-18T18:33:53+00:00","dateModified":"2026-05-06T09:47:32+00:00","breadcrumb":{"@id":"https:\/\/lebowskicmo.com\/nosotros\/#breadcrumb"},"inLanguage":"en-GB","potentialAction":[{"@type":"ReadAction","target":["https:\/\/lebowskicmo.com\/nosotros\/"]}]},{"@type":"ImageObject","inLanguage":"en-GB","@id":"https:\/\/lebowskicmo.com\/nosotros\/#primaryimage","url":"https:\/\/s.w.org\/images\/core\/emoji\/17.0.2\/svg\/1f3d4.svg","contentUrl":"https:\/\/s.w.org\/images\/core\/emoji\/17.0.2\/svg\/1f3d4.svg"},{"@type":"BreadcrumbList","@id":"https:\/\/lebowskicmo.com\/nosotros\/#breadcrumb","itemListElement":[{"@type":"ListItem","position":1,"name":"Portada","item":"https:\/\/lebowskicmo.com\/"},{"@type":"ListItem","position":2,"name":"Nosotros"}]},{"@type":"WebSite","@id":"https:\/\/lebowskicmo.com\/#website","url":"https:\/\/lebowskicmo.com\/","name":"Lebowsky Agency","description":"Fractional CMO &amp; CSO services for companies","publisher":{"@id":"https:\/\/lebowskicmo.com\/#organization"},"potentialAction":[{"@type":"SearchAction","target":{"@type":"EntryPoint","urlTemplate":"https:\/\/lebowskicmo.com\/?s={search_term_string}"},"query-input":{"@type":"PropertyValueSpecification","valueRequired":true,"valueName":"search_term_string"}}],"inLanguage":"en-GB"},{"@type":"Organization","@id":"https:\/\/lebowskicmo.com\/#organization","name":"Lebowsky Agency","url":"https:\/\/lebowskicmo.com\/","logo":{"@type":"ImageObject","inLanguage":"en-GB","@id":"https:\/\/lebowskicmo.com\/#\/schema\/logo\/image\/","url":"https:\/\/lebowskicmo.com\/wp-content\/uploads\/favicon.svg","contentUrl":"https:\/\/lebowskicmo.com\/wp-content\/uploads\/favicon.svg","width":600,"height":600,"caption":"Lebowsky Agency"},"image":{"@id":"https:\/\/lebowskicmo.com\/#\/schema\/logo\/image\/"},"sameAs":["https:\/\/es.linkedin.com\/company\/lebowski-marketing"]}]}},"_links":{"self":[{"href":"https:\/\/lebowskicmo.com\/en\/wp-json\/wp\/v2\/pages\/59","targetHints":{"allow":["GET"]}}],"collection":[{"href":"https:\/\/lebowskicmo.com\/en\/wp-json\/wp\/v2\/pages"}],"about":[{"href":"https:\/\/lebowskicmo.com\/en\/wp-json\/wp\/v2\/types\/page"}],"author":[{"embeddable":true,"href":"https:\/\/lebowskicmo.com\/en\/wp-json\/wp\/v2\/users\/1"}],"replies":[{"embeddable":true,"href":"https:\/\/lebowskicmo.com\/en\/wp-json\/wp\/v2\/comments?post=59"}],"version-history":[{"count":24,"href":"https:\/\/lebowskicmo.com\/en\/wp-json\/wp\/v2\/pages\/59\/revisions"}],"predecessor-version":[{"id":2576,"href":"https:\/\/lebowskicmo.com\/en\/wp-json\/wp\/v2\/pages\/59\/revisions\/2576"}],"wp:attachment":[{"href":"https:\/\/lebowskicmo.com\/en\/wp-json\/wp\/v2\/media?parent=59"}],"curies":[{"name":"wp","href":"https:\/\/api.w.org\/{rel}","templated":true}]}}