{"id":61,"date":"2024-10-18T20:34:07","date_gmt":"2024-10-18T18:34:07","guid":{"rendered":"https:\/\/lebowskicmo.com\/?page_id=61"},"modified":"2026-05-06T11:58:17","modified_gmt":"2026-05-06T09:58:17","slug":"success-stories","status":"publish","type":"page","link":"https:\/\/lebowskicmo.com\/en\/success-stories\/","title":{"rendered":"Success stories"},"content":{"rendered":"<div data-elementor-type=\"wp-page\" data-elementor-id=\"61\" class=\"elementor elementor-61\">\n\t\t\t\t<div class=\"elementor-element elementor-element-bfed903 e-flex e-con-boxed wpr-column-slider-no wpr-equal-height-no e-con e-parent\" data-id=\"bfed903\" data-element_type=\"container\" data-e-type=\"container\" data-settings=\"{&quot;background_background&quot;:&quot;classic&quot;}\">\n\t\t\t\t\t<div class=\"e-con-inner\">\n\t\t\t\t<div class=\"elementor-element elementor-element-eb9a478 elementor-widget elementor-widget-heading\" data-id=\"eb9a478\" data-element_type=\"widget\" data-e-type=\"widget\" data-widget_type=\"heading.default\">\n\t\t\t\t<div class=\"elementor-widget-container\">\n\t\t\t\t\t<h1 class=\"elementor-heading-title elementor-size-default\">Real growth stories<\/h1>\t\t\t\t<\/div>\n\t\t\t\t<\/div>\n\t\t\t\t<div class=\"elementor-element elementor-element-414b255 elementor-widget elementor-widget-text-editor\" data-id=\"414b255\" data-element_type=\"widget\" data-e-type=\"widget\" data-widget_type=\"text-editor.default\">\n\t\t\t\t<div class=\"elementor-widget-container\">\n\t\t\t\t\t\t\t\t\t<p>Some of the businesses we have helped to grow<\/p>\t\t\t\t\t\t\t\t<\/div>\n\t\t\t\t<\/div>\n\t\t\t\t\t<\/div>\n\t\t\t\t<\/div>\n\t\t<div class=\"elementor-element elementor-element-0e56f20 e-flex e-con-boxed wpr-column-slider-no wpr-equal-height-no e-con e-parent\" data-id=\"0e56f20\" data-element_type=\"container\" data-e-type=\"container\" data-settings=\"{&quot;background_background&quot;:&quot;classic&quot;}\">\n\t\t\t\t\t<div class=\"e-con-inner\">\n\t\t<div class=\"elementor-element elementor-element-b0f3387 e-con-full e-flex wpr-column-slider-no wpr-equal-height-no e-con e-child\" data-id=\"b0f3387\" data-element_type=\"container\" data-e-type=\"container\">\n\t\t<div class=\"elementor-element elementor-element-028a4b4 e-con-full e-flex wpr-column-slider-no wpr-equal-height-no e-con e-child\" data-id=\"028a4b4\" data-element_type=\"container\" data-e-type=\"container\">\n\t\t\t\t<div class=\"elementor-element elementor-element-1cee361 elementor-widget elementor-widget-heading\" data-id=\"1cee361\" data-element_type=\"widget\" data-e-type=\"widget\" data-widget_type=\"heading.default\">\n\t\t\t\t<div class=\"elementor-widget-container\">\n\t\t\t\t\t<h2 class=\"elementor-heading-title elementor-size-default\">Bamboo Energy<\/h2>\t\t\t\t<\/div>\n\t\t\t\t<\/div>\n\t\t\t\t<div class=\"elementor-element elementor-element-bba2494 elementor-widget elementor-widget-text-editor\" data-id=\"bba2494\" data-element_type=\"widget\" data-e-type=\"widget\" data-widget_type=\"text-editor.default\">\n\t\t\t\t<div class=\"elementor-widget-container\">\n\t\t\t\t\t\t\t\t\t<p class=\"p1\">Technological spin-off of IREC Catalunya specialising in AI-based energy optimisation to promote a more efficient and sustainable energy model.<\/p><p><strong>The challenge:<\/strong> They needed to structure their business growth and expand into European markets without internal marketing and sales leadership.<\/p><p><strong>What we did:<\/strong> We define a B2B growth strategy, prospecting processes and a commercial structure focused on generating real opportunities.<\/p><p><strong>Impact:<\/strong><\/p><p>\u2192 70% of the SQLs target achieved in 3 months<br \/>\u2192 Pipeline generated greater than \u20ac1M<br \/>\u2192 Business base ready to scale internationally<\/p>\t\t\t\t\t\t\t\t<\/div>\n\t\t\t\t<\/div>\n\t\t\t\t<\/div>\n\t\t<div class=\"elementor-element elementor-element-e77e695 e-con-full e-flex wpr-column-slider-no wpr-equal-height-no e-con e-child\" data-id=\"e77e695\" data-element_type=\"container\" data-e-type=\"container\">\n\t\t\t\t<div class=\"elementor-element elementor-element-c30aa87 elementor-widget elementor-widget-image\" data-id=\"c30aa87\" data-element_type=\"widget\" data-e-type=\"widget\" data-widget_type=\"image.default\">\n\t\t\t\t<div class=\"elementor-widget-container\">\n\t\t\t\t\t\t\t\t\t\t\t\t\t\t\t\t<a href=\"https:\/\/bambooenergy.tech\/en\/\" target=\"_blank\" rel=\"nofollow\">\n\t\t\t\t\t\t\t<img fetchpriority=\"high\" decoding=\"async\" width=\"1000\" height=\"667\" src=\"https:\/\/lebowskicmo.com\/wp-content\/uploads\/Bamboo-team-1.jpg\" class=\"attachment-full size-full wp-image-1786\" alt=\"\" srcset=\"https:\/\/lebowskicmo.com\/wp-content\/uploads\/Bamboo-team-1.jpg 1000w, https:\/\/lebowskicmo.com\/wp-content\/uploads\/Bamboo-team-1-300x200.jpg 300w, https:\/\/lebowskicmo.com\/wp-content\/uploads\/Bamboo-team-1-768x512.jpg 768w\" sizes=\"(max-width: 1000px) 100vw, 1000px\" \/>\t\t\t\t\t\t\t\t<\/a>\n\t\t\t\t\t\t\t\t\t\t\t\t\t\t\t<\/div>\n\t\t\t\t<\/div>\n\t\t\t\t<\/div>\n\t\t\t\t<\/div>\n\t\t<div class=\"elementor-element elementor-element-0bb3c65 e-con-full e-flex wpr-column-slider-no wpr-equal-height-no e-con e-child\" data-id=\"0bb3c65\" data-element_type=\"container\" data-e-type=\"container\">\n\t\t<div class=\"elementor-element elementor-element-232b743 e-con-full e-flex wpr-column-slider-no wpr-equal-height-no e-con e-child\" data-id=\"232b743\" data-element_type=\"container\" data-e-type=\"container\">\n\t\t\t\t<div class=\"elementor-element elementor-element-44786e3 elementor-widget elementor-widget-heading\" data-id=\"44786e3\" data-element_type=\"widget\" data-e-type=\"widget\" data-widget_type=\"heading.default\">\n\t\t\t\t<div class=\"elementor-widget-container\">\n\t\t\t\t\t<h2 class=\"elementor-heading-title elementor-size-default\">U4Impact<\/h2>\t\t\t\t<\/div>\n\t\t\t\t<\/div>\n\t\t\t\t<div class=\"elementor-element elementor-element-3d68208 elementor-widget elementor-widget-text-editor\" data-id=\"3d68208\" data-element_type=\"widget\" data-e-type=\"widget\" data-widget_type=\"text-editor.default\">\n\t\t\t\t<div class=\"elementor-widget-container\">\n\t\t\t\t\t\t\t\t\t<p class=\"p1\">Platform that connects students and companies to develop innovation projects and young talent through TFG and TFM.<\/p><p class=\"p1\"><span class=\"s1\"><b>The challenge: <\/b><\/span>They needed to structure their growth and improve business and student recruitment without internal marketing leadership.<\/p><p class=\"p1\"><span class=\"s1\"><b>What we did: <\/b><\/span>We define a B2B and B2C growth strategy, improving positioning, recruitment and commercial processes.<\/p><p class=\"p1\"><span class=\"s1\"><b>Impact:<\/b><\/span><\/p><p class=\"p1\">\u2192 30% YTD growth in student enrolment.<br \/>\u2192 Improving brand positioning<br \/>\u2192 New business structure focused on sustainable growth<\/p><p class=\"p3\">\u201cThe challenge was not just to attract more users, but to build a strategy to sustain growth.\u201d<\/p>\t\t\t\t\t\t\t\t<\/div>\n\t\t\t\t<\/div>\n\t\t\t\t<\/div>\n\t\t<div class=\"elementor-element elementor-element-59f8553 e-con-full e-flex wpr-column-slider-no wpr-equal-height-no e-con e-child\" data-id=\"59f8553\" data-element_type=\"container\" data-e-type=\"container\">\n\t\t\t\t<div class=\"elementor-element elementor-element-5902cb9 elementor-widget elementor-widget-image\" data-id=\"5902cb9\" data-element_type=\"widget\" data-e-type=\"widget\" data-widget_type=\"image.default\">\n\t\t\t\t<div class=\"elementor-widget-container\">\n\t\t\t\t\t\t\t\t\t\t\t\t\t\t\t\t<a href=\"https:\/\/www.u4impact.org\/\" target=\"_blank\" rel=\"nofollow\">\n\t\t\t\t\t\t\t<img decoding=\"async\" width=\"1000\" height=\"608\" src=\"https:\/\/lebowskicmo.com\/wp-content\/uploads\/u4-team-1.jpg\" class=\"attachment-full size-full wp-image-1787\" alt=\"\" srcset=\"https:\/\/lebowskicmo.com\/wp-content\/uploads\/u4-team-1.jpg 1000w, https:\/\/lebowskicmo.com\/wp-content\/uploads\/u4-team-1-300x182.jpg 300w, https:\/\/lebowskicmo.com\/wp-content\/uploads\/u4-team-1-768x467.jpg 768w\" sizes=\"(max-width: 1000px) 100vw, 1000px\" \/>\t\t\t\t\t\t\t\t<\/a>\n\t\t\t\t\t\t\t\t\t\t\t\t\t\t\t<\/div>\n\t\t\t\t<\/div>\n\t\t\t\t<\/div>\n\t\t\t\t<\/div>\n\t\t<div class=\"elementor-element elementor-element-8556df0 e-con-full e-flex wpr-column-slider-no wpr-equal-height-no e-con e-child\" data-id=\"8556df0\" data-element_type=\"container\" data-e-type=\"container\">\n\t\t<div class=\"elementor-element elementor-element-8b50abd e-con-full e-flex wpr-column-slider-no wpr-equal-height-no e-con e-child\" data-id=\"8b50abd\" data-element_type=\"container\" data-e-type=\"container\">\n\t\t\t\t<div class=\"elementor-element elementor-element-88a68a7 elementor-widget elementor-widget-heading\" data-id=\"88a68a7\" data-element_type=\"widget\" data-e-type=\"widget\" data-widget_type=\"heading.default\">\n\t\t\t\t<div class=\"elementor-widget-container\">\n\t\t\t\t\t<h2 class=\"elementor-heading-title elementor-size-default\">Vitaance<\/h2>\t\t\t\t<\/div>\n\t\t\t\t<\/div>\n\t\t\t\t<div class=\"elementor-element elementor-element-eceb263 elementor-widget elementor-widget-text-editor\" data-id=\"eceb263\" data-element_type=\"widget\" data-e-type=\"widget\" data-widget_type=\"text-editor.default\">\n\t\t\t\t<div class=\"elementor-widget-container\">\n\t\t\t\t\t\t\t\t\t<p class=\"p1\">Insurtech specialising in flexible remuneration and employee benefits, focused on improving well-being and experience within companies.<\/p><p><strong>The challenge:\u00a0<\/strong>They needed to accelerate business growth and strengthen their position in an increasingly competitive market.\u00a0<\/p><p><strong>What we did:<\/strong>\u00a0We work on growth strategy, B2B lead generation and marketing and sales support together with the team.<\/p><p><strong>Impact: <\/strong><\/p><p>\u2192 Improving commercial structure and positioning<br \/>\u2192 Generation of new B2B opportunities<br \/>\u2192 Strategy ready to scale growth<\/p>\t\t\t\t\t\t\t\t<\/div>\n\t\t\t\t<\/div>\n\t\t\t\t<\/div>\n\t\t<div class=\"elementor-element elementor-element-252c716 e-con-full e-flex wpr-column-slider-no wpr-equal-height-no e-con e-child\" data-id=\"252c716\" data-element_type=\"container\" data-e-type=\"container\">\n\t\t\t\t<div class=\"elementor-element elementor-element-2561d2f elementor-widget elementor-widget-image\" data-id=\"2561d2f\" data-element_type=\"widget\" data-e-type=\"widget\" data-widget_type=\"image.default\">\n\t\t\t\t<div class=\"elementor-widget-container\">\n\t\t\t\t\t\t\t\t\t\t\t\t\t\t\t\t<a href=\"https:\/\/www.vitaance.com\/\" target=\"_blank\" rel=\"nofollow\">\n\t\t\t\t\t\t\t<img decoding=\"async\" width=\"1000\" height=\"666\" src=\"https:\/\/lebowskicmo.com\/wp-content\/uploads\/vitaance-team-1.jpg\" class=\"attachment-full size-full wp-image-1788\" alt=\"\" srcset=\"https:\/\/lebowskicmo.com\/wp-content\/uploads\/vitaance-team-1.jpg 1000w, https:\/\/lebowskicmo.com\/wp-content\/uploads\/vitaance-team-1-300x200.jpg 300w, https:\/\/lebowskicmo.com\/wp-content\/uploads\/vitaance-team-1-768x511.jpg 768w\" sizes=\"(max-width: 1000px) 100vw, 1000px\" \/>\t\t\t\t\t\t\t\t<\/a>\n\t\t\t\t\t\t\t\t\t\t\t\t\t\t\t<\/div>\n\t\t\t\t<\/div>\n\t\t\t\t<\/div>\n\t\t\t\t<\/div>\n\t\t\t\t\t<\/div>\n\t\t\t\t<\/div>\n\t\t\t\t<\/div>","protected":false},"excerpt":{"rendered":"<p>Real growth stories Some of the businesses we have helped to grow Bamboo Energy Technology spin-off from IREC Catalunya specialising in AI-based energy optimisation to drive a more efficient and sustainable energy model. The challenge: They needed to structure their commercial growth and expand into European markets without internal marketing and sales leadership. What we did: We defined a B2B growth strategy, prospecting processes and a commercial structure focused on generating real opportunities. Impact: \u2192 70% of the SQLs target reached in 3 months\u2192 Pipeline generated over \u20ac1M\u2192 Commercial base prepared to scale internationally U4Impact Platform that connects students and companies to develop innovation projects and young talent through TFG and TFM. The challenge: They needed to structure their growth and improve the attraction of companies and students without internal marketing leadership. What we did: We defined a B2B and B2C growth strategy, improving positioning, recruitment and commercial processes. Impact: \u2192 30% YTD growth in student enrolment\u2192 Improved brand positioning\u2192 New commercial structure focused on sustainable growth \u201cThe challenge was not just to attract more users, but to build a strategy capable of sustaining growth.\u201d Vitaance Insurtech specialising in flexible pay and employee benefits, focused on improving wellbeing and experience within companies. The challenge: They needed to accelerate business growth and strengthen positioning in an increasingly competitive market.  What we did: We worked with the team on growth strategy, B2B lead generation and marketing and sales support. Impact: \u2192 Improvement of commercial structure and positioning\u2192 Generation of new B2B opportunities\u2192 Strategy prepared to scale growth.<\/p>","protected":false},"author":1,"featured_media":0,"parent":0,"menu_order":0,"comment_status":"closed","ping_status":"closed","template":"","meta":{"footnotes":""},"class_list":["post-61","page","type-page","status-publish","hentry"],"yoast_head":"<!-- This site is optimized with the Yoast SEO plugin v27.6 - https:\/\/yoast.com\/product\/yoast-seo-wordpress\/ -->\n<title>Casos de \u00e9xito - Lebowsky CMO<\/title>\n<meta name=\"robots\" content=\"index, follow, max-snippet:-1, max-image-preview:large, max-video-preview:-1\" \/>\n<link rel=\"canonical\" href=\"https:\/\/lebowskicmo.com\/en\/success-stories\/\" \/>\n<meta property=\"og:locale\" content=\"en_GB\" \/>\n<meta property=\"og:type\" content=\"article\" \/>\n<meta property=\"og:title\" content=\"Casos de \u00e9xito - Lebowsky CMO\" \/>\n<meta property=\"og:description\" content=\"Historias de crecimiento real Algunos de los negocios que hemos ayudado a crecer Bamboo Energy Spin-off tecnol\u00f3gica del IREC Catalunya especializada en optimizaci\u00f3n energ\u00e9tica basada en IA para impulsar un modelo energ\u00e9tico m\u00e1s eficiente y sostenible. El reto: Necesitaban estructurar su crecimiento comercial y expandirse en mercados europeos sin contar con liderazgo interno de marketing y ventas. Qu\u00e9 hicimos: Definimos una estrategia de crecimiento B2B, procesos de prospecci\u00f3n y una estructura comercial enfocada en generaci\u00f3n de oportunidades reales. Impacto: \u2192 70% del objetivo de SQLs alcanzado en 3 meses\u2192 Pipeline generado superior a 1M\u20ac\u2192 Base comercial preparada para escalar internacionalmente U4Impact Plataforma que conecta estudiantes y empresas para desarrollar proyectos de innovaci\u00f3n y talento joven a trav\u00e9s de TFG y TFM. El reto: Necesitaban estructurar su crecimiento y mejorar la captaci\u00f3n de empresas y estudiantes sin contar con liderazgo interno de marketing. Qu\u00e9 hicimos: Definimos una estrategia de crecimiento B2B y B2C, mejorando posicionamiento, captaci\u00f3n y procesos comerciales. Impacto: \u2192 Crecimiento del 30% YTD en registro de estudiantes\u2192 Mejora del posicionamiento de marca\u2192 Nueva estructura comercial enfocada en crecimiento sostenible \u201cEl reto no era solo captar m\u00e1s usuarios, sino construir una estrategia capaz de sostener el crecimiento.\u201d Vitaance Insurtech especializada en retribuci\u00f3n flexible y beneficios para empleados, enfocada en mejorar bienestar y experiencia dentro de las empresas. El reto:\u00a0Necesitaban acelerar crecimiento comercial y reforzar posicionamiento en un mercado cada vez m\u00e1s competitivo.\u00a0 Qu\u00e9 hicimos:\u00a0Trabajamos estrategia de crecimiento, generaci\u00f3n de oportunidades B2B y apoyo en marketing y ventas junto al equipo. Impacto: \u2192 Mejora de estructura comercial y posicionamiento\u2192 Generaci\u00f3n de nuevas oportunidades B2B\u2192 Estrategia preparada para escalar crecimiento\" \/>\n<meta property=\"og:url\" content=\"https:\/\/lebowskicmo.com\/en\/success-stories\/\" \/>\n<meta property=\"og:site_name\" content=\"Lebowsky CMO\" \/>\n<meta property=\"article:modified_time\" content=\"2026-05-06T09:58:17+00:00\" \/>\n<meta property=\"og:image\" content=\"https:\/\/lebowskicmo.com\/wp-content\/uploads\/Bamboo-team-1.jpg\" \/>\n\t<meta property=\"og:image:width\" content=\"1000\" \/>\n\t<meta property=\"og:image:height\" content=\"667\" \/>\n\t<meta property=\"og:image:type\" content=\"image\/jpeg\" \/>\n<meta name=\"twitter:card\" content=\"summary_large_image\" \/>\n<meta name=\"twitter:label1\" content=\"Estimated reading time\" \/>\n\t<meta name=\"twitter:data1\" content=\"2 minutes\" \/>\n<script type=\"application\/ld+json\" class=\"yoast-schema-graph\">{\"@context\":\"https:\\\/\\\/schema.org\",\"@graph\":[{\"@type\":\"WebPage\",\"@id\":\"https:\\\/\\\/lebowskicmo.com\\\/casos-de-exito\\\/\",\"url\":\"https:\\\/\\\/lebowskicmo.com\\\/casos-de-exito\\\/\",\"name\":\"Casos de \u00e9xito - Lebowsky CMO\",\"isPartOf\":{\"@id\":\"https:\\\/\\\/lebowskicmo.com\\\/#website\"},\"primaryImageOfPage\":{\"@id\":\"https:\\\/\\\/lebowskicmo.com\\\/casos-de-exito\\\/#primaryimage\"},\"image\":{\"@id\":\"https:\\\/\\\/lebowskicmo.com\\\/casos-de-exito\\\/#primaryimage\"},\"thumbnailUrl\":\"https:\\\/\\\/lebowskicmo.com\\\/wp-content\\\/uploads\\\/Bamboo-team-1.jpg\",\"datePublished\":\"2024-10-18T18:34:07+00:00\",\"dateModified\":\"2026-05-06T09:58:17+00:00\",\"breadcrumb\":{\"@id\":\"https:\\\/\\\/lebowskicmo.com\\\/casos-de-exito\\\/#breadcrumb\"},\"inLanguage\":\"en-GB\",\"potentialAction\":[{\"@type\":\"ReadAction\",\"target\":[\"https:\\\/\\\/lebowskicmo.com\\\/casos-de-exito\\\/\"]}]},{\"@type\":\"ImageObject\",\"inLanguage\":\"en-GB\",\"@id\":\"https:\\\/\\\/lebowskicmo.com\\\/casos-de-exito\\\/#primaryimage\",\"url\":\"https:\\\/\\\/lebowskicmo.com\\\/wp-content\\\/uploads\\\/Bamboo-team-1.jpg\",\"contentUrl\":\"https:\\\/\\\/lebowskicmo.com\\\/wp-content\\\/uploads\\\/Bamboo-team-1.jpg\"},{\"@type\":\"BreadcrumbList\",\"@id\":\"https:\\\/\\\/lebowskicmo.com\\\/casos-de-exito\\\/#breadcrumb\",\"itemListElement\":[{\"@type\":\"ListItem\",\"position\":1,\"name\":\"Portada\",\"item\":\"https:\\\/\\\/lebowskicmo.com\\\/\"},{\"@type\":\"ListItem\",\"position\":2,\"name\":\"Casos de \u00e9xito\"}]},{\"@type\":\"WebSite\",\"@id\":\"https:\\\/\\\/lebowskicmo.com\\\/#website\",\"url\":\"https:\\\/\\\/lebowskicmo.com\\\/\",\"name\":\"Lebowsky Agency\",\"description\":\"Servicios de Fractional CMO &amp; CSO para empresas\",\"publisher\":{\"@id\":\"https:\\\/\\\/lebowskicmo.com\\\/#organization\"},\"potentialAction\":[{\"@type\":\"SearchAction\",\"target\":{\"@type\":\"EntryPoint\",\"urlTemplate\":\"https:\\\/\\\/lebowskicmo.com\\\/?s={search_term_string}\"},\"query-input\":{\"@type\":\"PropertyValueSpecification\",\"valueRequired\":true,\"valueName\":\"search_term_string\"}}],\"inLanguage\":\"en-GB\"},{\"@type\":\"Organization\",\"@id\":\"https:\\\/\\\/lebowskicmo.com\\\/#organization\",\"name\":\"Lebowsky Agency\",\"url\":\"https:\\\/\\\/lebowskicmo.com\\\/\",\"logo\":{\"@type\":\"ImageObject\",\"inLanguage\":\"en-GB\",\"@id\":\"https:\\\/\\\/lebowskicmo.com\\\/#\\\/schema\\\/logo\\\/image\\\/\",\"url\":\"https:\\\/\\\/lebowskicmo.com\\\/wp-content\\\/uploads\\\/favicon.svg\",\"contentUrl\":\"https:\\\/\\\/lebowskicmo.com\\\/wp-content\\\/uploads\\\/favicon.svg\",\"width\":600,\"height\":600,\"caption\":\"Lebowsky Agency\"},\"image\":{\"@id\":\"https:\\\/\\\/lebowskicmo.com\\\/#\\\/schema\\\/logo\\\/image\\\/\"},\"sameAs\":[\"https:\\\/\\\/es.linkedin.com\\\/company\\\/lebowski-marketing\"]}]}<\/script>\n<!-- \/ Yoast SEO plugin. -->","yoast_head_json":{"title":"Success Stories - Lebowsky CMO","robots":{"index":"index","follow":"follow","max-snippet":"max-snippet:-1","max-image-preview":"max-image-preview:large","max-video-preview":"max-video-preview:-1"},"canonical":"https:\/\/lebowskicmo.com\/en\/success-stories\/","og_locale":"en_GB","og_type":"article","og_title":"Casos de \u00e9xito - Lebowsky CMO","og_description":"Historias de crecimiento real Algunos de los negocios que hemos ayudado a crecer Bamboo Energy Spin-off tecnol\u00f3gica del IREC Catalunya especializada en optimizaci\u00f3n energ\u00e9tica basada en IA para impulsar un modelo energ\u00e9tico m\u00e1s eficiente y sostenible. El reto: Necesitaban estructurar su crecimiento comercial y expandirse en mercados europeos sin contar con liderazgo interno de marketing y ventas. Qu\u00e9 hicimos: Definimos una estrategia de crecimiento B2B, procesos de prospecci\u00f3n y una estructura comercial enfocada en generaci\u00f3n de oportunidades reales. Impacto: \u2192 70% del objetivo de SQLs alcanzado en 3 meses\u2192 Pipeline generado superior a 1M\u20ac\u2192 Base comercial preparada para escalar internacionalmente U4Impact Plataforma que conecta estudiantes y empresas para desarrollar proyectos de innovaci\u00f3n y talento joven a trav\u00e9s de TFG y TFM. El reto: Necesitaban estructurar su crecimiento y mejorar la captaci\u00f3n de empresas y estudiantes sin contar con liderazgo interno de marketing. Qu\u00e9 hicimos: Definimos una estrategia de crecimiento B2B y B2C, mejorando posicionamiento, captaci\u00f3n y procesos comerciales. Impacto: \u2192 Crecimiento del 30% YTD en registro de estudiantes\u2192 Mejora del posicionamiento de marca\u2192 Nueva estructura comercial enfocada en crecimiento sostenible \u201cEl reto no era solo captar m\u00e1s usuarios, sino construir una estrategia capaz de sostener el crecimiento.\u201d Vitaance Insurtech especializada en retribuci\u00f3n flexible y beneficios para empleados, enfocada en mejorar bienestar y experiencia dentro de las empresas. El reto:\u00a0Necesitaban acelerar crecimiento comercial y reforzar posicionamiento en un mercado cada vez m\u00e1s competitivo.\u00a0 Qu\u00e9 hicimos:\u00a0Trabajamos estrategia de crecimiento, generaci\u00f3n de oportunidades B2B y apoyo en marketing y ventas junto al equipo. Impacto: \u2192 Mejora de estructura comercial y posicionamiento\u2192 Generaci\u00f3n de nuevas oportunidades B2B\u2192 Estrategia preparada para escalar crecimiento","og_url":"https:\/\/lebowskicmo.com\/en\/success-stories\/","og_site_name":"Lebowsky CMO","article_modified_time":"2026-05-06T09:58:17+00:00","og_image":[{"width":1000,"height":667,"url":"https:\/\/lebowskicmo.com\/wp-content\/uploads\/Bamboo-team-1.jpg","type":"image\/jpeg"}],"twitter_card":"summary_large_image","twitter_misc":{"Estimated reading time":"2 minutes"},"schema":{"@context":"https:\/\/schema.org","@graph":[{"@type":"WebPage","@id":"https:\/\/lebowskicmo.com\/casos-de-exito\/","url":"https:\/\/lebowskicmo.com\/casos-de-exito\/","name":"Success Stories - Lebowsky CMO","isPartOf":{"@id":"https:\/\/lebowskicmo.com\/#website"},"primaryImageOfPage":{"@id":"https:\/\/lebowskicmo.com\/casos-de-exito\/#primaryimage"},"image":{"@id":"https:\/\/lebowskicmo.com\/casos-de-exito\/#primaryimage"},"thumbnailUrl":"https:\/\/lebowskicmo.com\/wp-content\/uploads\/Bamboo-team-1.jpg","datePublished":"2024-10-18T18:34:07+00:00","dateModified":"2026-05-06T09:58:17+00:00","breadcrumb":{"@id":"https:\/\/lebowskicmo.com\/casos-de-exito\/#breadcrumb"},"inLanguage":"en-GB","potentialAction":[{"@type":"ReadAction","target":["https:\/\/lebowskicmo.com\/casos-de-exito\/"]}]},{"@type":"ImageObject","inLanguage":"en-GB","@id":"https:\/\/lebowskicmo.com\/casos-de-exito\/#primaryimage","url":"https:\/\/lebowskicmo.com\/wp-content\/uploads\/Bamboo-team-1.jpg","contentUrl":"https:\/\/lebowskicmo.com\/wp-content\/uploads\/Bamboo-team-1.jpg"},{"@type":"BreadcrumbList","@id":"https:\/\/lebowskicmo.com\/casos-de-exito\/#breadcrumb","itemListElement":[{"@type":"ListItem","position":1,"name":"Portada","item":"https:\/\/lebowskicmo.com\/"},{"@type":"ListItem","position":2,"name":"Casos de \u00e9xito"}]},{"@type":"WebSite","@id":"https:\/\/lebowskicmo.com\/#website","url":"https:\/\/lebowskicmo.com\/","name":"Lebowsky Agency","description":"Fractional CMO &amp; CSO services for companies","publisher":{"@id":"https:\/\/lebowskicmo.com\/#organization"},"potentialAction":[{"@type":"SearchAction","target":{"@type":"EntryPoint","urlTemplate":"https:\/\/lebowskicmo.com\/?s={search_term_string}"},"query-input":{"@type":"PropertyValueSpecification","valueRequired":true,"valueName":"search_term_string"}}],"inLanguage":"en-GB"},{"@type":"Organization","@id":"https:\/\/lebowskicmo.com\/#organization","name":"Lebowsky Agency","url":"https:\/\/lebowskicmo.com\/","logo":{"@type":"ImageObject","inLanguage":"en-GB","@id":"https:\/\/lebowskicmo.com\/#\/schema\/logo\/image\/","url":"https:\/\/lebowskicmo.com\/wp-content\/uploads\/favicon.svg","contentUrl":"https:\/\/lebowskicmo.com\/wp-content\/uploads\/favicon.svg","width":600,"height":600,"caption":"Lebowsky Agency"},"image":{"@id":"https:\/\/lebowskicmo.com\/#\/schema\/logo\/image\/"},"sameAs":["https:\/\/es.linkedin.com\/company\/lebowski-marketing"]}]}},"_links":{"self":[{"href":"https:\/\/lebowskicmo.com\/en\/wp-json\/wp\/v2\/pages\/61","targetHints":{"allow":["GET"]}}],"collection":[{"href":"https:\/\/lebowskicmo.com\/en\/wp-json\/wp\/v2\/pages"}],"about":[{"href":"https:\/\/lebowskicmo.com\/en\/wp-json\/wp\/v2\/types\/page"}],"author":[{"embeddable":true,"href":"https:\/\/lebowskicmo.com\/en\/wp-json\/wp\/v2\/users\/1"}],"replies":[{"embeddable":true,"href":"https:\/\/lebowskicmo.com\/en\/wp-json\/wp\/v2\/comments?post=61"}],"version-history":[{"count":3,"href":"https:\/\/lebowskicmo.com\/en\/wp-json\/wp\/v2\/pages\/61\/revisions"}],"predecessor-version":[{"id":2579,"href":"https:\/\/lebowskicmo.com\/en\/wp-json\/wp\/v2\/pages\/61\/revisions\/2579"}],"wp:attachment":[{"href":"https:\/\/lebowskicmo.com\/en\/wp-json\/wp\/v2\/media?parent=61"}],"curies":[{"name":"wp","href":"https:\/\/api.w.org\/{rel}","templated":true}]}}